{"id":21,"date":"2025-10-21T11:57:42","date_gmt":"2025-10-21T09:57:42","guid":{"rendered":"https:\/\/riverbar.es\/?page_id=21"},"modified":"2026-04-04T10:29:05","modified_gmt":"2026-04-04T08:29:05","slug":"location","status":"publish","type":"page","link":"https:\/\/riverbar.es\/es\/location\/","title":{"rendered":"Ubicaci\u00f3n"},"content":{"rendered":"<div data-elementor-type=\"wp-page\" data-elementor-id=\"21\" class=\"elementor elementor-21\" data-elementor-post-type=\"page\">\n\t\t\t\t<div class=\"elementor-element elementor-element-501cbfb4 e-flex e-con-boxed e-con e-parent\" data-id=\"501cbfb4\" data-element_type=\"container\" data-e-type=\"container\">\n\t\t\t\t\t<div class=\"e-con-inner\">\n\t\t<div class=\"elementor-element elementor-element-7ac7e099 e-con-full e-flex e-con e-child\" data-id=\"7ac7e099\" data-element_type=\"container\" data-e-type=\"container\">\n\t\t\t\t<div class=\"elementor-element elementor-element-91780e1 elementor-widget__width-inherit elementor-widget elementor-widget-heading\" data-id=\"91780e1\" data-element_type=\"widget\" data-e-type=\"widget\" data-widget_type=\"heading.default\">\n\t\t\t\t\t<div class=\"elementor-heading-title elementor-size-default\">Ubicaci\u00f3n<\/div>\t\t\t\t<\/div>\n\t\t\t\t<div class=\"elementor-element elementor-element-27140857 elementor-widget__width-inherit elementor-widget-tablet__width-inherit elementor-widget elementor-widget-heading\" data-id=\"27140857\" data-element_type=\"widget\" data-e-type=\"widget\" data-widget_type=\"heading.default\">\n\t\t\t\t\t<h1 class=\"elementor-heading-title elementor-size-default\">Ubicaci\u00f3n de River Bar<\/h1>\t\t\t\t<\/div>\n\t\t\t\t<div class=\"elementor-element elementor-element-3735a01b elementor-widget__width-inherit elementor-widget elementor-widget-text-editor\" data-id=\"3735a01b\" data-element_type=\"widget\" data-e-type=\"widget\" data-widget_type=\"text-editor.default\">\n\t\t\t\t\t\t\t\t\t<p>Encontrar el River Bar no podr\u00eda ser m\u00e1s f\u00e1cil. Situado justo al lado del cauce del r\u00edo Turia, en Valencia, estamos en una ubicaci\u00f3n ideal tanto para los locales como para los visitantes que quieran disfrutar de buena comida y bebida en un ambiente animado.<\/p>\t\t\t\t\t\t\t\t<\/div>\n\t\t\t\t<div class=\"elementor-element elementor-element-16b6ff5 elementor-widget__width-initial elementor-icon-list--layout-traditional elementor-list-item-link-full_width elementor-widget elementor-widget-icon-list\" data-id=\"16b6ff5\" data-element_type=\"widget\" data-e-type=\"widget\" data-widget_type=\"icon-list.default\">\n\t\t\t\t\t\t\t<ul class=\"elementor-icon-list-items\">\n\t\t\t\t\t\t\t<li class=\"elementor-icon-list-item\">\n\t\t\t\t\t\t\t\t\t\t\t<a href=\"tel:34680263788\" target=\"_blank\">\n\n\t\t\t\t\t\t\t\t\t\t\t\t<span class=\"elementor-icon-list-icon\">\n\t\t\t\t\t\t\t<svg aria-hidden=\"true\" class=\"e-font-icon-svg e-fab-whatsapp\" viewbox=\"0 0 448 512\" xmlns=\"http:\/\/www.w3.org\/2000\/svg\"><path d=\"M380.9 97.1C339 55.1 283.2 32 223.9 32c-122.4 0-222 99.6-222 222 0 39.1 10.2 77.3 29.6 111L0 480l117.7-30.9c32.4 17.7 68.9 27 106.1 27h.1c122.3 0 224.1-99.6 224.1-222 0-59.3-25.2-115-67.1-157zm-157 341.6c-33.2 0-65.7-8.9-94-25.7l-6.7-4-69.8 18.3L72 359.2l-4.4-7c-18.5-29.4-28.2-63.3-28.2-98.2 0-101.7 82.8-184.5 184.6-184.5 49.3 0 95.6 19.2 130.4 54.1 34.8 34.9 56.2 81.2 56.1 130.5 0 101.8-84.9 184.6-186.6 184.6zm101.2-138.2c-5.5-2.8-32.8-16.2-37.9-18-5.1-1.9-8.8-2.8-12.5 2.8-3.7 5.6-14.3 18-17.6 21.8-3.2 3.7-6.5 4.2-12 1.4-32.6-16.3-54-29.1-75.5-66-5.7-9.8 5.7-9.1 16.3-30.3 1.8-3.7.9-6.9-.5-9.7-1.4-2.8-12.5-30.1-17.1-41.2-4.5-10.8-9.1-9.3-12.5-9.5-3.2-.2-6.9-.2-10.6-.2-3.7 0-9.7 1.4-14.8 6.9-5.1 5.6-19.4 19-19.4 46.3 0 27.3 19.9 53.7 22.6 57.4 2.8 3.7 39.1 59.7 94.8 83.8 35.2 15.2 49 16.5 66.6 13.9 10.7-1.6 32.8-13.4 37.4-26.4 4.6-13 4.6-24.1 3.2-26.4-1.3-2.5-5-3.9-10.5-6.6z\"><\/path><\/svg>\t\t\t\t\t\t<\/span>\n\t\t\t\t\t\t\t\t\t\t<span class=\"elementor-icon-list-text\">(+34) 680 263 788<\/span>\n\t\t\t\t\t\t\t\t\t\t\t<\/a>\n\t\t\t\t\t\t\t\t\t<\/li>\n\t\t\t\t\t\t\t\t<li class=\"elementor-icon-list-item\">\n\t\t\t\t\t\t\t\t\t\t\t<a href=\"mailto:info@riverbar.es\" target=\"_blank\">\n\n\t\t\t\t\t\t\t\t\t\t\t\t<span class=\"elementor-icon-list-icon\">\n\t\t\t\t\t\t\t<svg aria-hidden=\"true\" class=\"e-font-icon-svg e-far-envelope\" viewbox=\"0 0 512 512\" xmlns=\"http:\/\/www.w3.org\/2000\/svg\"><path d=\"M464 64H48C21.49 64 0 85.49 0 112v288c0 26.51 21.49 48 48 48h416c26.51 0 48-21.49 48-48V112c0-26.51-21.49-48-48-48zm0 48v40.805c-22.422 18.259-58.168 46.651-134.587 106.49-16.841 13.247-50.201 45.072-73.413 44.701-23.208.375-56.579-31.459-73.413-44.701C106.18 199.465 70.425 171.067 48 152.805V112h416zM48 400V214.398c22.914 18.251 55.409 43.862 104.938 82.646 21.857 17.205 60.134 55.186 103.062 54.955 42.717.231 80.509-37.199 103.053-54.947 49.528-38.783 82.032-64.401 104.947-82.653V400H48z\"><\/path><\/svg>\t\t\t\t\t\t<\/span>\n\t\t\t\t\t\t\t\t\t\t<span class=\"elementor-icon-list-text\">info@riverbar.es<\/span>\n\t\t\t\t\t\t\t\t\t\t\t<\/a>\n\t\t\t\t\t\t\t\t\t<\/li>\n\t\t\t\t\t\t\t\t<li class=\"elementor-icon-list-item\">\n\t\t\t\t\t\t\t\t\t\t\t<a href=\"https:\/\/maps.google.com\/?cid=5999530870588468513&amp;g_mp=CiVnb29nbGUubWFwcy5wbGFjZXMudjEuUGxhY2VzLkdldFBsYWNlEAEYASAB&amp;hl=en-GB&amp;source=embed\" target=\"_blank\">\n\n\t\t\t\t\t\t\t\t\t\t\t\t<span class=\"elementor-icon-list-icon\">\n\t\t\t\t\t\t\t<svg aria-hidden=\"true\" class=\"e-font-icon-svg e-fas-map-marker-alt\" viewbox=\"0 0 384 512\" xmlns=\"http:\/\/www.w3.org\/2000\/svg\"><path d=\"M172.268 501.67C26.97 291.031 0 269.413 0 192 0 85.961 85.961 0 192 0s192 85.961 192 192c0 77.413-26.97 99.031-172.268 309.67-9.535 13.774-29.93 13.773-39.464 0zM192 272c44.183 0 80-35.817 80-80s-35.817-80-80-80-80 35.817-80 80 35.817 80 80 80z\"><\/path><\/svg>\t\t\t\t\t\t<\/span>\n\t\t\t\t\t\t\t\t\t\t<span class=\"elementor-icon-list-text\">Pg. de l'Albereda, 10, El Pla del Real, 46010 Val\u00e8ncia, Valencia<\/span>\n\t\t\t\t\t\t\t\t\t\t\t<\/a>\n\t\t\t\t\t\t\t\t\t<\/li>\n\t\t\t\t\t\t<\/ul>\n\t\t\t\t\t\t<\/div>\n\t\t\t\t<div class=\"elementor-element elementor-element-1c95578e elementor-widget__width-initial elementor-widget elementor-widget-text-editor\" data-id=\"1c95578e\" data-element_type=\"widget\" data-e-type=\"widget\" data-widget_type=\"text-editor.default\">\n\t\t\t\t\t\t\t\t\t<p>Estamos a un paso del centro de la ciudad, es f\u00e1cil encontrarnos y nuestra ubicaci\u00f3n es ideal para cualquier ocasi\u00f3n. F\u00e1cil de llegar y dif\u00edcil de abandonar, nuestra ubicaci\u00f3n es parte de lo que hace que la experiencia sea tan especial.<\/p><p>Ven a vernos, t\u00f3mate una copa y ponte c\u00f3modo: <strong>el River conoce el camino.<\/strong><\/p>\t\t\t\t\t\t\t\t<\/div>\n\t\t\t\t<div class=\"elementor-element elementor-element-5f047d55 elementor-widget__width-inherit river-food elementor-widget-tablet__width-inherit elementor-hidden-desktop elementor-hidden-tablet elementor-widget elementor-widget-image\" data-id=\"5f047d55\" data-element_type=\"widget\" data-e-type=\"widget\" data-widget_type=\"image.default\">\n\t\t\t\t\t\t\t\t\t\t\t\t\t\t\t<img fetchpriority=\"high\" decoding=\"async\" width=\"1031\" height=\"971\" src=\"https:\/\/riverbar.es\/wp-content\/uploads\/2026\/03\/River_Bar.jpg\" class=\"attachment-full size-full wp-image-1910\" alt=\"\" srcset=\"https:\/\/riverbar.es\/wp-content\/uploads\/2026\/03\/River_Bar.jpg 1031w, https:\/\/riverbar.es\/wp-content\/uploads\/2026\/03\/River_Bar-300x283.jpg 300w, https:\/\/riverbar.es\/wp-content\/uploads\/2026\/03\/River_Bar-1024x964.jpg 1024w, https:\/\/riverbar.es\/wp-content\/uploads\/2026\/03\/River_Bar-768x723.jpg 768w\" sizes=\"(max-width: 1031px) 100vw, 1031px\" \/>\t\t\t\t\t\t\t\t\t\t\t\t\t\t\t<\/div>\n\t\t\t\t<\/div>\n\t\t<div class=\"elementor-element elementor-element-36dec757 e-con-full elementor-hidden-mobile e-flex e-con e-child\" data-id=\"36dec757\" data-element_type=\"container\" data-e-type=\"container\">\n\t\t\t\t<div class=\"elementor-element elementor-element-794eaa3e elementor-widget__width-inherit river-food elementor-widget elementor-widget-image\" data-id=\"794eaa3e\" data-element_type=\"widget\" data-e-type=\"widget\" data-widget_type=\"image.default\">\n\t\t\t\t\t\t\t\t\t\t\t\t\t\t\t<img fetchpriority=\"high\" decoding=\"async\" width=\"1031\" height=\"971\" src=\"https:\/\/riverbar.es\/wp-content\/uploads\/2026\/03\/River_Bar.jpg\" class=\"attachment-full size-full wp-image-1910\" alt=\"\" srcset=\"https:\/\/riverbar.es\/wp-content\/uploads\/2026\/03\/River_Bar.jpg 1031w, https:\/\/riverbar.es\/wp-content\/uploads\/2026\/03\/River_Bar-300x283.jpg 300w, https:\/\/riverbar.es\/wp-content\/uploads\/2026\/03\/River_Bar-1024x964.jpg 1024w, https:\/\/riverbar.es\/wp-content\/uploads\/2026\/03\/River_Bar-768x723.jpg 768w\" sizes=\"(max-width: 1031px) 100vw, 1031px\" \/>\t\t\t\t\t\t\t\t\t\t\t\t\t\t\t<\/div>\n\t\t\t\t<\/div>\n\t\t\t\t\t<\/div>\n\t\t\t\t<\/div>\n\t\t<div class=\"elementor-element elementor-element-d5ab27b e-flex e-con-boxed e-con e-parent\" data-id=\"d5ab27b\" data-element_type=\"container\" data-e-type=\"container\">\n\t\t\t\t\t<div class=\"e-con-inner\">\n\t\t<div class=\"elementor-element elementor-element-023a0e3 e-con-full e-flex e-con e-child\" data-id=\"023a0e3\" data-element_type=\"container\" data-e-type=\"container\">\n\t\t\t\t<div class=\"elementor-element elementor-element-ed558a7 elementor-widget elementor-widget-google_maps\" data-id=\"ed558a7\" data-element_type=\"widget\" data-e-type=\"widget\" data-widget_type=\"google_maps.default\">\n\t\t\t\t\t\t\t<div class=\"elementor-custom-embed\">\n\t\t\t<iframe loading=\"lazy\"\n\t\t\t\t\tsrc=\"https:\/\/maps.google.com\/maps?q=River%20Bar%2C%20Valencia&#038;t=m&#038;z=17&#038;output=embed&#038;iwloc=near\"\n\t\t\t\t\ttitle=\"River Bar, Valencia\"\n\t\t\t\t\taria-label=\"River Bar, Valencia\"\n\t\t\t><\/iframe>\n\t\t<\/div>\n\t\t\t\t\t\t<\/div>\n\t\t\t\t<\/div>\n\t\t\t\t\t<\/div>\n\t\t\t\t<\/div>\n\t\t\t\t<\/div>","protected":false},"excerpt":{"rendered":"<p>Find Us River Location Finding River Bar couldn\u2019t be easier. Located right beside Valencia\u2019s Turia riverbed, we\u2019re perfectly positioned for both locals and visitors looking to enjoy great food and drinks in a lively setting. (+34) 680 263 788 info@riverbar.es Pg. de l&#8217;Albereda, 10, El Pla del Real, 46010 Val\u00e8ncia, Valencia Just a short distance [&hellip;]<\/p>\n","protected":false},"author":2,"featured_media":2881,"parent":0,"menu_order":70,"comment_status":"closed","ping_status":"closed","template":"elementor_header_footer","meta":{"footnotes":""},"class_list":["post-21","page","type-page","status-publish","has-post-thumbnail","hentry"],"yoast_head":"<!-- This site is optimized with the Yoast SEO Premium plugin v27.2 (Yoast SEO v27.3) - https:\/\/yoast.com\/product\/yoast-seo-premium-wordpress\/ -->\n<title>Contact &amp; Location | Sports Bar in Valencia City Centre | River Bar<\/title>\n<meta name=\"description\" content=\"Find River Bar in Valencia city centre. Visit our sports bar for drinks, food and live sports in a lively atmosphere.\" \/>\n<meta name=\"robots\" content=\"index, follow, max-snippet:-1, max-image-preview:large, max-video-preview:-1\" \/>\n<link rel=\"canonical\" href=\"https:\/\/riverbar.es\/es\/location\/\" \/>\n<meta property=\"og:locale\" content=\"es_ES\" \/>\n<meta property=\"og:type\" content=\"article\" \/>\n<meta property=\"og:title\" content=\"Find Us\" \/>\n<meta property=\"og:description\" content=\"Find River Bar in Valencia city centre. Visit our sports bar for drinks, food and live sports in a lively atmosphere.\" \/>\n<meta property=\"og:url\" content=\"https:\/\/riverbar.es\/es\/location\/\" \/>\n<meta property=\"og:site_name\" content=\"River Bar\" \/>\n<meta property=\"article:publisher\" content=\"https:\/\/www.facebook.com\/profile.php?id=61580530641758\" \/>\n<meta property=\"article:modified_time\" content=\"2026-04-04T08:29:05+00:00\" \/>\n<meta property=\"og:image\" content=\"https:\/\/riverbar.es\/wp-content\/uploads\/2026\/03\/Square-social.jpg\" \/>\n\t<meta property=\"og:image:width\" content=\"512\" \/>\n\t<meta property=\"og:image:height\" content=\"512\" \/>\n\t<meta property=\"og:image:type\" content=\"image\/jpeg\" \/>\n<meta name=\"twitter:card\" content=\"summary_large_image\" \/>\n<meta name=\"twitter:label1\" content=\"Tiempo de lectura\" \/>\n\t<meta name=\"twitter:data1\" content=\"2 minutos\" \/>\n<script type=\"application\/ld+json\" class=\"yoast-schema-graph\">{\"@context\":\"https:\\\/\\\/schema.org\",\"@graph\":[{\"@type\":\"WebPage\",\"@id\":\"https:\\\/\\\/riverbar.es\\\/location\\\/\",\"url\":\"https:\\\/\\\/riverbar.es\\\/location\\\/\",\"name\":\"Contact & Location | Sports Bar in Valencia City Centre | River Bar\",\"isPartOf\":{\"@id\":\"https:\\\/\\\/riverbar.es\\\/#website\"},\"primaryImageOfPage\":{\"@id\":\"https:\\\/\\\/riverbar.es\\\/location\\\/#primaryimage\"},\"image\":{\"@id\":\"https:\\\/\\\/riverbar.es\\\/location\\\/#primaryimage\"},\"thumbnailUrl\":\"https:\\\/\\\/riverbar.es\\\/wp-content\\\/uploads\\\/2026\\\/03\\\/Square-social.jpg\",\"datePublished\":\"2025-10-21T09:57:42+00:00\",\"dateModified\":\"2026-04-04T08:29:05+00:00\",\"description\":\"Find River Bar in Valencia city centre. Visit our sports bar for drinks, food and live sports in a lively atmosphere.\",\"breadcrumb\":{\"@id\":\"https:\\\/\\\/riverbar.es\\\/location\\\/#breadcrumb\"},\"inLanguage\":\"es\",\"potentialAction\":[{\"@type\":\"ReadAction\",\"target\":[\"https:\\\/\\\/riverbar.es\\\/location\\\/\"]}]},{\"@type\":\"ImageObject\",\"inLanguage\":\"es\",\"@id\":\"https:\\\/\\\/riverbar.es\\\/location\\\/#primaryimage\",\"url\":\"https:\\\/\\\/riverbar.es\\\/wp-content\\\/uploads\\\/2026\\\/03\\\/Square-social.jpg\",\"contentUrl\":\"https:\\\/\\\/riverbar.es\\\/wp-content\\\/uploads\\\/2026\\\/03\\\/Square-social.jpg\",\"width\":512,\"height\":512},{\"@type\":\"BreadcrumbList\",\"@id\":\"https:\\\/\\\/riverbar.es\\\/location\\\/#breadcrumb\",\"itemListElement\":[{\"@type\":\"ListItem\",\"position\":1,\"name\":\"Home\",\"item\":\"https:\\\/\\\/riverbar.es\\\/\"},{\"@type\":\"ListItem\",\"position\":2,\"name\":\"Find Us\"}]},{\"@type\":\"WebSite\",\"@id\":\"https:\\\/\\\/riverbar.es\\\/#website\",\"url\":\"https:\\\/\\\/riverbar.es\\\/\",\"name\":\"River Bar\",\"description\":\"The River knows the way...\",\"publisher\":{\"@id\":\"https:\\\/\\\/riverbar.es\\\/#organization\"},\"potentialAction\":[{\"@type\":\"SearchAction\",\"target\":{\"@type\":\"EntryPoint\",\"urlTemplate\":\"https:\\\/\\\/riverbar.es\\\/?s={search_term_string}\"},\"query-input\":{\"@type\":\"PropertyValueSpecification\",\"valueRequired\":true,\"valueName\":\"search_term_string\"}}],\"inLanguage\":\"es\"},{\"@type\":\"Organization\",\"@id\":\"https:\\\/\\\/riverbar.es\\\/#organization\",\"name\":\"River Bar\",\"url\":\"https:\\\/\\\/riverbar.es\\\/\",\"logo\":{\"@type\":\"ImageObject\",\"inLanguage\":\"es\",\"@id\":\"https:\\\/\\\/riverbar.es\\\/#\\\/schema\\\/logo\\\/image\\\/\",\"url\":\"https:\\\/\\\/riverbar.es\\\/wp-content\\\/uploads\\\/2026\\\/03\\\/Square-social.jpg\",\"contentUrl\":\"https:\\\/\\\/riverbar.es\\\/wp-content\\\/uploads\\\/2026\\\/03\\\/Square-social.jpg\",\"width\":512,\"height\":512,\"caption\":\"River Bar\"},\"image\":{\"@id\":\"https:\\\/\\\/riverbar.es\\\/#\\\/schema\\\/logo\\\/image\\\/\"},\"sameAs\":[\"https:\\\/\\\/www.facebook.com\\\/profile.php?id=61580530641758\",\"https:\\\/\\\/www.instagram.com\\\/riverbarvalencia\\\/\"]}]}<\/script>\n<!-- \/ Yoast SEO Premium plugin. -->","yoast_head_json":{"title":"Contact & Location | Sports Bar in Valencia City Centre | River Bar","description":"Find River Bar in Valencia city centre. Visit our sports bar for drinks, food and live sports in a lively atmosphere.","robots":{"index":"index","follow":"follow","max-snippet":"max-snippet:-1","max-image-preview":"max-image-preview:large","max-video-preview":"max-video-preview:-1"},"canonical":"https:\/\/riverbar.es\/es\/location\/","og_locale":"es_ES","og_type":"article","og_title":"Find Us","og_description":"Find River Bar in Valencia city centre. Visit our sports bar for drinks, food and live sports in a lively atmosphere.","og_url":"https:\/\/riverbar.es\/es\/location\/","og_site_name":"River Bar","article_publisher":"https:\/\/www.facebook.com\/profile.php?id=61580530641758","article_modified_time":"2026-04-04T08:29:05+00:00","og_image":[{"width":512,"height":512,"url":"https:\/\/riverbar.es\/wp-content\/uploads\/2026\/03\/Square-social.jpg","type":"image\/jpeg"}],"twitter_card":"summary_large_image","twitter_misc":{"Tiempo de lectura":"2 minutos"},"schema":{"@context":"https:\/\/schema.org","@graph":[{"@type":"WebPage","@id":"https:\/\/riverbar.es\/location\/","url":"https:\/\/riverbar.es\/location\/","name":"Contact & Location | Sports Bar in Valencia City Centre | River Bar","isPartOf":{"@id":"https:\/\/riverbar.es\/#website"},"primaryImageOfPage":{"@id":"https:\/\/riverbar.es\/location\/#primaryimage"},"image":{"@id":"https:\/\/riverbar.es\/location\/#primaryimage"},"thumbnailUrl":"https:\/\/riverbar.es\/wp-content\/uploads\/2026\/03\/Square-social.jpg","datePublished":"2025-10-21T09:57:42+00:00","dateModified":"2026-04-04T08:29:05+00:00","description":"Find River Bar in Valencia city centre. Visit our sports bar for drinks, food and live sports in a lively atmosphere.","breadcrumb":{"@id":"https:\/\/riverbar.es\/location\/#breadcrumb"},"inLanguage":"es","potentialAction":[{"@type":"ReadAction","target":["https:\/\/riverbar.es\/location\/"]}]},{"@type":"ImageObject","inLanguage":"es","@id":"https:\/\/riverbar.es\/location\/#primaryimage","url":"https:\/\/riverbar.es\/wp-content\/uploads\/2026\/03\/Square-social.jpg","contentUrl":"https:\/\/riverbar.es\/wp-content\/uploads\/2026\/03\/Square-social.jpg","width":512,"height":512},{"@type":"BreadcrumbList","@id":"https:\/\/riverbar.es\/location\/#breadcrumb","itemListElement":[{"@type":"ListItem","position":1,"name":"Home","item":"https:\/\/riverbar.es\/"},{"@type":"ListItem","position":2,"name":"Find Us"}]},{"@type":"WebSite","@id":"https:\/\/riverbar.es\/#website","url":"https:\/\/riverbar.es\/","name":"River Bar","description":"The River knows the way...","publisher":{"@id":"https:\/\/riverbar.es\/#organization"},"potentialAction":[{"@type":"SearchAction","target":{"@type":"EntryPoint","urlTemplate":"https:\/\/riverbar.es\/?s={search_term_string}"},"query-input":{"@type":"PropertyValueSpecification","valueRequired":true,"valueName":"search_term_string"}}],"inLanguage":"es"},{"@type":"Organization","@id":"https:\/\/riverbar.es\/#organization","name":"River Bar","url":"https:\/\/riverbar.es\/","logo":{"@type":"ImageObject","inLanguage":"es","@id":"https:\/\/riverbar.es\/#\/schema\/logo\/image\/","url":"https:\/\/riverbar.es\/wp-content\/uploads\/2026\/03\/Square-social.jpg","contentUrl":"https:\/\/riverbar.es\/wp-content\/uploads\/2026\/03\/Square-social.jpg","width":512,"height":512,"caption":"River Bar"},"image":{"@id":"https:\/\/riverbar.es\/#\/schema\/logo\/image\/"},"sameAs":["https:\/\/www.facebook.com\/profile.php?id=61580530641758","https:\/\/www.instagram.com\/riverbarvalencia\/"]}]}},"_links":{"self":[{"href":"https:\/\/riverbar.es\/es\/wp-json\/wp\/v2\/pages\/21","targetHints":{"allow":["GET"]}}],"collection":[{"href":"https:\/\/riverbar.es\/es\/wp-json\/wp\/v2\/pages"}],"about":[{"href":"https:\/\/riverbar.es\/es\/wp-json\/wp\/v2\/types\/page"}],"author":[{"embeddable":true,"href":"https:\/\/riverbar.es\/es\/wp-json\/wp\/v2\/users\/2"}],"replies":[{"embeddable":true,"href":"https:\/\/riverbar.es\/es\/wp-json\/wp\/v2\/comments?post=21"}],"version-history":[{"count":113,"href":"https:\/\/riverbar.es\/es\/wp-json\/wp\/v2\/pages\/21\/revisions"}],"predecessor-version":[{"id":3056,"href":"https:\/\/riverbar.es\/es\/wp-json\/wp\/v2\/pages\/21\/revisions\/3056"}],"wp:featuredmedia":[{"embeddable":true,"href":"https:\/\/riverbar.es\/es\/wp-json\/wp\/v2\/media\/2881"}],"wp:attachment":[{"href":"https:\/\/riverbar.es\/es\/wp-json\/wp\/v2\/media?parent=21"}],"curies":[{"name":"wp","href":"https:\/\/api.w.org\/{rel}","templated":true}]}}