{"id":200,"date":"2026-03-10T11:14:34","date_gmt":"2026-03-10T10:14:34","guid":{"rendered":"https:\/\/riverbar.es\/?page_id=200"},"modified":"2026-04-04T10:28:55","modified_gmt":"2026-04-04T08:28:55","slug":"terrace","status":"publish","type":"page","link":"https:\/\/riverbar.es\/es\/terrace\/","title":{"rendered":"Terraza"},"content":{"rendered":"<div data-elementor-type=\"wp-page\" data-elementor-id=\"200\" class=\"elementor elementor-200\" data-elementor-post-type=\"page\">\n\t\t\t\t<div class=\"elementor-element elementor-element-4794e404 e-flex e-con-boxed e-con e-parent\" data-id=\"4794e404\" data-element_type=\"container\" data-e-type=\"container\">\n\t\t\t\t\t<div class=\"e-con-inner\">\n\t\t<div class=\"elementor-element elementor-element-477ca98e e-con-full e-flex e-con e-child\" data-id=\"477ca98e\" data-element_type=\"container\" data-e-type=\"container\">\n\t\t\t\t<div class=\"elementor-element elementor-element-20c4961c elementor-widget__width-inherit elementor-widget elementor-widget-heading\" data-id=\"20c4961c\" data-element_type=\"widget\" data-e-type=\"widget\" data-widget_type=\"heading.default\">\n\t\t\t\t\t<div class=\"elementor-heading-title elementor-size-default\">Lecho del River<\/div>\t\t\t\t<\/div>\n\t\t\t\t<div class=\"elementor-element elementor-element-958789b elementor-widget__width-inherit elementor-widget-tablet__width-inherit elementor-widget elementor-widget-heading\" data-id=\"958789b\" data-element_type=\"widget\" data-e-type=\"widget\" data-widget_type=\"heading.default\">\n\t\t\t\t\t<h1 class=\"elementor-heading-title elementor-size-default\">Terraza River<\/h1>\t\t\t\t<\/div>\n\t\t\t\t<div class=\"elementor-element elementor-element-7b88704c elementor-widget__width-inherit elementor-widget elementor-widget-text-editor\" data-id=\"7b88704c\" data-element_type=\"widget\" data-e-type=\"widget\" data-widget_type=\"text-editor.default\">\n\t\t\t\t\t\t\t\t\t<p>Bienvenidos al Lecho del River \u2013 el coraz\u00f3n de River Bar.<\/p>\t\t\t\t\t\t\t\t<\/div>\n\t\t\t\t<div class=\"elementor-element elementor-element-1d094b11 elementor-widget__width-initial elementor-widget elementor-widget-text-editor\" data-id=\"1d094b11\" data-element_type=\"widget\" data-e-type=\"widget\" data-widget_type=\"text-editor.default\">\n\t\t\t\t\t\t\t\t\t<p>Nuestra terraza impresionante se encuentra justo al lado del precioso cauce del r\u00edo de Valencia y ofrece un amplio espacio y un ambiente distendido, lejos del ajetreo de la ciudad.<\/p>\t\t\t\t\t\t\t\t<\/div>\n\t\t\t\t<div class=\"elementor-element elementor-element-7aa10c53 elementor-widget__width-initial elementor-widget elementor-widget-text-editor\" data-id=\"7aa10c53\" data-element_type=\"widget\" data-e-type=\"widget\" data-widget_type=\"text-editor.default\">\n\t\t\t\t\t\t\t\t\t<p>Las grandes sombrillas dan sombra y permiten vistas despejadas, creando el lugar perfecto para relajarse a partir del mediod\u00eda.<\/p><p>Aqu\u00ed podr\u00e1s pasar horas tomando el sol, disfrutando de una comida deliciosa, bebidas refrescantes y el animado ambiente del r\u00edo. Tanto si vienes a disfrutar de una comida larga, como de unas copas de tardeo o a dar la bienvenida a la noche, la terraza es donde empieza el d\u00eda.<\/p><p>Las mesas se llenan r\u00e1pido los fines de semana, as\u00ed que aseg\u00farate de llegar temprano para tener sitio.<\/p>\t\t\t\t\t\t\t\t<\/div>\n\t\t\t\t<div class=\"elementor-element elementor-element-438a7e6f elementor-widget__width-inherit river-food elementor-widget-tablet__width-inherit elementor-hidden-desktop elementor-hidden-tablet elementor-widget elementor-widget-image\" data-id=\"438a7e6f\" data-element_type=\"widget\" data-e-type=\"widget\" data-widget_type=\"image.default\">\n\t\t\t\t\t\t\t\t\t\t\t\t\t\t\t<img fetchpriority=\"high\" decoding=\"async\" width=\"984\" height=\"924\" src=\"https:\/\/riverbar.es\/wp-content\/uploads\/2026\/03\/River-Terrace.jpg\" class=\"attachment-full size-full wp-image-1781\" alt=\"\" srcset=\"https:\/\/riverbar.es\/wp-content\/uploads\/2026\/03\/River-Terrace.jpg 984w, https:\/\/riverbar.es\/wp-content\/uploads\/2026\/03\/River-Terrace-300x282.jpg 300w, https:\/\/riverbar.es\/wp-content\/uploads\/2026\/03\/River-Terrace-768x721.jpg 768w\" sizes=\"(max-width: 984px) 100vw, 984px\" \/>\t\t\t\t\t\t\t\t\t\t\t\t\t\t\t<\/div>\n\t\t\t\t<\/div>\n\t\t<div class=\"elementor-element elementor-element-2bc16c9f e-con-full elementor-hidden-mobile e-flex e-con e-child\" data-id=\"2bc16c9f\" data-element_type=\"container\" data-e-type=\"container\">\n\t\t\t\t<div class=\"elementor-element elementor-element-6f6ec5f2 elementor-widget__width-inherit river-food elementor-widget elementor-widget-image\" data-id=\"6f6ec5f2\" data-element_type=\"widget\" data-e-type=\"widget\" data-widget_type=\"image.default\">\n\t\t\t\t\t\t\t\t\t\t\t\t\t\t\t<img fetchpriority=\"high\" decoding=\"async\" width=\"984\" height=\"924\" src=\"https:\/\/riverbar.es\/wp-content\/uploads\/2026\/03\/River-Terrace.jpg\" class=\"attachment-full size-full wp-image-1781\" alt=\"\" srcset=\"https:\/\/riverbar.es\/wp-content\/uploads\/2026\/03\/River-Terrace.jpg 984w, https:\/\/riverbar.es\/wp-content\/uploads\/2026\/03\/River-Terrace-300x282.jpg 300w, https:\/\/riverbar.es\/wp-content\/uploads\/2026\/03\/River-Terrace-768x721.jpg 768w\" sizes=\"(max-width: 984px) 100vw, 984px\" \/>\t\t\t\t\t\t\t\t\t\t\t\t\t\t\t<\/div>\n\t\t\t\t<\/div>\n\t\t\t\t\t<\/div>\n\t\t\t\t<\/div>\n\t\t<div class=\"elementor-element elementor-element-10539e8a e-flex e-con-boxed e-con e-parent\" data-id=\"10539e8a\" data-element_type=\"container\" data-e-type=\"container\">\n\t\t\t\t\t<div class=\"e-con-inner\">\n\t\t<div class=\"elementor-element elementor-element-2c8b193 e-con-full e-flex e-con e-child\" data-id=\"2c8b193\" data-element_type=\"container\" data-e-type=\"container\">\n\t\t\t\t<div class=\"elementor-element elementor-element-e06b149 elementor-widget elementor-widget-ucaddon_diagonal_hero\" data-id=\"e06b149\" data-element_type=\"widget\" data-e-type=\"widget\" data-widget_type=\"ucaddon_diagonal_hero.default\">\n\t\t\t\t<div class=\"elementor-widget-container\">\n\t\t\t\t\t\n<!-- start Diagonal Hero -->\n<style>\/* widget: Diagonal Hero *\/\n\n#uc_diagonal_hero_elementor_e06b149\n{\n  display:flex;\n  position: relative;\n}\n\n#uc_diagonal_hero_elementor_e06b149 .ue-whole-link\n{\n  position: absolute;\n  width: 100%;\n  height: 100%;\n  display: block;\n  z-index: 1;\n  top: 0;\n  left: 0;\n}\n\n#uc_diagonal_hero_elementor_e06b149 .ue-image\n{\n  background-image:url(https:\/\/riverbar.es\/wp-content\/uploads\/2026\/03\/IMG_0193-scaled.jpg);\n  background-size:cover;\n  flex-shrink:0;\n  flex-grow:0;\n  position:relative;\n  overflow:hidden;\n}\n\n#uc_diagonal_hero_elementor_e06b149 .ue-image-overlay\n{\n  position:absolute;\n  top:0;\n  left:0;\n  right:0;\n  bottom:0;\n  height:100%;\n  width:100%;\n}\n\n\n#uc_diagonal_hero_elementor_e06b149 .ue-content\n{\n  display:flex;\n  align-items:center;\n  justify-content:center;\n  flex-grow:1;\n}\n\n#uc_diagonal_hero_elementor_e06b149 .ue-content > div\n{\n  width:100%;\n}\n.ue-title\n{\n  font-size:52px;\n}\n\n#uc_diagonal_hero_elementor_e06b149 .ue-btn-wrap\n{\n  width:100%;\n}\n#uc_diagonal_hero_elementor_e06b149 .ue-btn\n{\n  transition:0.3s;\n  text-decoration:none;\n}\n\n#uc_diagonal_hero_elementor_e06b149 .ue-separator\n{\n  display:inline-block;\n}\n\n<\/style>\n\n<div id=\"uc_diagonal_hero_elementor_e06b149\" class=\"diagonal_hero\">\n  \n  <div class=\"ue-content\">\n    <div>\n      <div class=\"ue-template\"><\/div>\n      <div class=\"ue-title\">Reserva tu mesa en River Bar<\/div>\n      \n      <div class=\"ue-separator-wrapper\">\n        <div class=\"ue-separator\"><\/div>\n      <\/div>\n      \n      <div class=\"ue-sub-title\">Comida, bebida y buen ambiente en el coraz\u00f3n de Valencia.<\/div>\n      \n      <div class=\"ue-btn-wrap\"><a  class=\"ue-btn\" href=\"https:\/\/wa.me\/34680263788?text=Hola,%20Quiero%20reservar%20una%20mesa...\"  target='_blank'>RESERVA TU MESA AHORA<\/a><\/div>\n      \n      <div class=\"ue-template\"><\/div>\n    <\/div>\n  <\/div>\n  \n  <div class=\"ue-image\">\n    \n    \t\n  \t\t  \n  <\/div>\n  \n    \n<\/div>\n<!-- end Diagonal Hero -->\t\t\t\t<\/div>\n\t\t\t\t<\/div>\n\t\t\t\t<div class=\"elementor-element elementor-element-1f4fca42 elementor-widget elementor-widget-spacer\" data-id=\"1f4fca42\" data-element_type=\"widget\" data-e-type=\"widget\" data-widget_type=\"spacer.default\">\n\t\t\t\t\t\t\t<div class=\"elementor-spacer\">\n\t\t\t<div class=\"elementor-spacer-inner\"><\/div>\n\t\t<\/div>\n\t\t\t\t\t\t<\/div>\n\t\t\t\t<\/div>\n\t\t\t\t\t<\/div>\n\t\t\t\t<\/div>\n\t\t\t\t<\/div>","protected":false},"excerpt":{"rendered":"<p>Riverbed River Terrace Welcome to the Riverbed \u2014 the heart of River Bar. Our truly stunning terrace is set right beside Valencia\u2019s beautiful riverbed and offers a spacious and relaxed setting away from the hustle and bustle of the city. With large shaded umbrellas and open views, it\u2019s the perfect place to unwind from midday [&hellip;]<\/p>\n","protected":false},"author":2,"featured_media":1781,"parent":0,"menu_order":60,"comment_status":"closed","ping_status":"closed","template":"elementor_header_footer","meta":{"footnotes":""},"class_list":["post-200","page","type-page","status-publish","has-post-thumbnail","hentry"],"yoast_head":"<!-- This site is optimized with the Yoast SEO Premium plugin v27.2 (Yoast SEO v27.3) - https:\/\/yoast.com\/product\/yoast-seo-premium-wordpress\/ -->\n<title>Terrace Bar Valencia | Outdoor Drinks at River Bar<\/title>\n<meta name=\"description\" content=\"Enjoy outdoor drinks at River Bar terrace in Valencia with a relaxed and lively atmosphere.\" \/>\n<meta name=\"robots\" content=\"index, follow, max-snippet:-1, max-image-preview:large, max-video-preview:-1\" \/>\n<link rel=\"canonical\" href=\"https:\/\/riverbar.es\/es\/terrace\/\" \/>\n<meta property=\"og:locale\" content=\"es_ES\" \/>\n<meta property=\"og:type\" content=\"article\" \/>\n<meta property=\"og:title\" content=\"Terrace\" \/>\n<meta property=\"og:description\" content=\"Enjoy outdoor drinks at River Bar terrace in Valencia with a relaxed and lively atmosphere.\" \/>\n<meta property=\"og:url\" content=\"https:\/\/riverbar.es\/es\/terrace\/\" \/>\n<meta property=\"og:site_name\" content=\"River Bar\" \/>\n<meta property=\"article:publisher\" content=\"https:\/\/www.facebook.com\/profile.php?id=61580530641758\" \/>\n<meta property=\"article:modified_time\" content=\"2026-04-04T08:28:55+00:00\" \/>\n<meta property=\"og:image\" content=\"https:\/\/riverbar.es\/wp-content\/uploads\/2026\/03\/River-Terrace.jpg\" \/>\n\t<meta property=\"og:image:width\" content=\"984\" \/>\n\t<meta property=\"og:image:height\" content=\"924\" \/>\n\t<meta property=\"og:image:type\" content=\"image\/jpeg\" \/>\n<meta name=\"twitter:card\" content=\"summary_large_image\" \/>\n<meta name=\"twitter:label1\" content=\"Tiempo de lectura\" \/>\n\t<meta name=\"twitter:data1\" content=\"2 minutos\" \/>\n<script type=\"application\/ld+json\" class=\"yoast-schema-graph\">{\"@context\":\"https:\\\/\\\/schema.org\",\"@graph\":[{\"@type\":\"WebPage\",\"@id\":\"https:\\\/\\\/riverbar.es\\\/terrace\\\/\",\"url\":\"https:\\\/\\\/riverbar.es\\\/terrace\\\/\",\"name\":\"Terrace Bar Valencia | Outdoor Drinks at River Bar\",\"isPartOf\":{\"@id\":\"https:\\\/\\\/riverbar.es\\\/#website\"},\"primaryImageOfPage\":{\"@id\":\"https:\\\/\\\/riverbar.es\\\/terrace\\\/#primaryimage\"},\"image\":{\"@id\":\"https:\\\/\\\/riverbar.es\\\/terrace\\\/#primaryimage\"},\"thumbnailUrl\":\"https:\\\/\\\/riverbar.es\\\/wp-content\\\/uploads\\\/2026\\\/03\\\/River-Terrace.jpg\",\"datePublished\":\"2026-03-10T10:14:34+00:00\",\"dateModified\":\"2026-04-04T08:28:55+00:00\",\"description\":\"Enjoy outdoor drinks at River Bar terrace in Valencia with a relaxed and lively atmosphere.\",\"breadcrumb\":{\"@id\":\"https:\\\/\\\/riverbar.es\\\/terrace\\\/#breadcrumb\"},\"inLanguage\":\"es\",\"potentialAction\":[{\"@type\":\"ReadAction\",\"target\":[\"https:\\\/\\\/riverbar.es\\\/terrace\\\/\"]}]},{\"@type\":\"ImageObject\",\"inLanguage\":\"es\",\"@id\":\"https:\\\/\\\/riverbar.es\\\/terrace\\\/#primaryimage\",\"url\":\"https:\\\/\\\/riverbar.es\\\/wp-content\\\/uploads\\\/2026\\\/03\\\/River-Terrace.jpg\",\"contentUrl\":\"https:\\\/\\\/riverbar.es\\\/wp-content\\\/uploads\\\/2026\\\/03\\\/River-Terrace.jpg\",\"width\":984,\"height\":924},{\"@type\":\"BreadcrumbList\",\"@id\":\"https:\\\/\\\/riverbar.es\\\/terrace\\\/#breadcrumb\",\"itemListElement\":[{\"@type\":\"ListItem\",\"position\":1,\"name\":\"Home\",\"item\":\"https:\\\/\\\/riverbar.es\\\/\"},{\"@type\":\"ListItem\",\"position\":2,\"name\":\"Terrace\"}]},{\"@type\":\"WebSite\",\"@id\":\"https:\\\/\\\/riverbar.es\\\/#website\",\"url\":\"https:\\\/\\\/riverbar.es\\\/\",\"name\":\"River Bar\",\"description\":\"The River knows the way...\",\"publisher\":{\"@id\":\"https:\\\/\\\/riverbar.es\\\/#organization\"},\"potentialAction\":[{\"@type\":\"SearchAction\",\"target\":{\"@type\":\"EntryPoint\",\"urlTemplate\":\"https:\\\/\\\/riverbar.es\\\/?s={search_term_string}\"},\"query-input\":{\"@type\":\"PropertyValueSpecification\",\"valueRequired\":true,\"valueName\":\"search_term_string\"}}],\"inLanguage\":\"es\"},{\"@type\":\"Organization\",\"@id\":\"https:\\\/\\\/riverbar.es\\\/#organization\",\"name\":\"River Bar\",\"url\":\"https:\\\/\\\/riverbar.es\\\/\",\"logo\":{\"@type\":\"ImageObject\",\"inLanguage\":\"es\",\"@id\":\"https:\\\/\\\/riverbar.es\\\/#\\\/schema\\\/logo\\\/image\\\/\",\"url\":\"https:\\\/\\\/riverbar.es\\\/wp-content\\\/uploads\\\/2026\\\/03\\\/Square-social.jpg\",\"contentUrl\":\"https:\\\/\\\/riverbar.es\\\/wp-content\\\/uploads\\\/2026\\\/03\\\/Square-social.jpg\",\"width\":512,\"height\":512,\"caption\":\"River Bar\"},\"image\":{\"@id\":\"https:\\\/\\\/riverbar.es\\\/#\\\/schema\\\/logo\\\/image\\\/\"},\"sameAs\":[\"https:\\\/\\\/www.facebook.com\\\/profile.php?id=61580530641758\",\"https:\\\/\\\/www.instagram.com\\\/riverbarvalencia\\\/\"]}]}<\/script>\n<!-- \/ Yoast SEO Premium plugin. -->","yoast_head_json":{"title":"Terrace Bar Valencia | Outdoor Drinks at River Bar","description":"Enjoy outdoor drinks at River Bar terrace in Valencia with a relaxed and lively atmosphere.","robots":{"index":"index","follow":"follow","max-snippet":"max-snippet:-1","max-image-preview":"max-image-preview:large","max-video-preview":"max-video-preview:-1"},"canonical":"https:\/\/riverbar.es\/es\/terrace\/","og_locale":"es_ES","og_type":"article","og_title":"Terrace","og_description":"Enjoy outdoor drinks at River Bar terrace in Valencia with a relaxed and lively atmosphere.","og_url":"https:\/\/riverbar.es\/es\/terrace\/","og_site_name":"River Bar","article_publisher":"https:\/\/www.facebook.com\/profile.php?id=61580530641758","article_modified_time":"2026-04-04T08:28:55+00:00","og_image":[{"width":984,"height":924,"url":"https:\/\/riverbar.es\/wp-content\/uploads\/2026\/03\/River-Terrace.jpg","type":"image\/jpeg"}],"twitter_card":"summary_large_image","twitter_misc":{"Tiempo de lectura":"2 minutos"},"schema":{"@context":"https:\/\/schema.org","@graph":[{"@type":"WebPage","@id":"https:\/\/riverbar.es\/terrace\/","url":"https:\/\/riverbar.es\/terrace\/","name":"Terrace Bar Valencia | Outdoor Drinks at River Bar","isPartOf":{"@id":"https:\/\/riverbar.es\/#website"},"primaryImageOfPage":{"@id":"https:\/\/riverbar.es\/terrace\/#primaryimage"},"image":{"@id":"https:\/\/riverbar.es\/terrace\/#primaryimage"},"thumbnailUrl":"https:\/\/riverbar.es\/wp-content\/uploads\/2026\/03\/River-Terrace.jpg","datePublished":"2026-03-10T10:14:34+00:00","dateModified":"2026-04-04T08:28:55+00:00","description":"Enjoy outdoor drinks at River Bar terrace in Valencia with a relaxed and lively atmosphere.","breadcrumb":{"@id":"https:\/\/riverbar.es\/terrace\/#breadcrumb"},"inLanguage":"es","potentialAction":[{"@type":"ReadAction","target":["https:\/\/riverbar.es\/terrace\/"]}]},{"@type":"ImageObject","inLanguage":"es","@id":"https:\/\/riverbar.es\/terrace\/#primaryimage","url":"https:\/\/riverbar.es\/wp-content\/uploads\/2026\/03\/River-Terrace.jpg","contentUrl":"https:\/\/riverbar.es\/wp-content\/uploads\/2026\/03\/River-Terrace.jpg","width":984,"height":924},{"@type":"BreadcrumbList","@id":"https:\/\/riverbar.es\/terrace\/#breadcrumb","itemListElement":[{"@type":"ListItem","position":1,"name":"Home","item":"https:\/\/riverbar.es\/"},{"@type":"ListItem","position":2,"name":"Terrace"}]},{"@type":"WebSite","@id":"https:\/\/riverbar.es\/#website","url":"https:\/\/riverbar.es\/","name":"River Bar","description":"The River knows the way...","publisher":{"@id":"https:\/\/riverbar.es\/#organization"},"potentialAction":[{"@type":"SearchAction","target":{"@type":"EntryPoint","urlTemplate":"https:\/\/riverbar.es\/?s={search_term_string}"},"query-input":{"@type":"PropertyValueSpecification","valueRequired":true,"valueName":"search_term_string"}}],"inLanguage":"es"},{"@type":"Organization","@id":"https:\/\/riverbar.es\/#organization","name":"River Bar","url":"https:\/\/riverbar.es\/","logo":{"@type":"ImageObject","inLanguage":"es","@id":"https:\/\/riverbar.es\/#\/schema\/logo\/image\/","url":"https:\/\/riverbar.es\/wp-content\/uploads\/2026\/03\/Square-social.jpg","contentUrl":"https:\/\/riverbar.es\/wp-content\/uploads\/2026\/03\/Square-social.jpg","width":512,"height":512,"caption":"River Bar"},"image":{"@id":"https:\/\/riverbar.es\/#\/schema\/logo\/image\/"},"sameAs":["https:\/\/www.facebook.com\/profile.php?id=61580530641758","https:\/\/www.instagram.com\/riverbarvalencia\/"]}]}},"_links":{"self":[{"href":"https:\/\/riverbar.es\/es\/wp-json\/wp\/v2\/pages\/200","targetHints":{"allow":["GET"]}}],"collection":[{"href":"https:\/\/riverbar.es\/es\/wp-json\/wp\/v2\/pages"}],"about":[{"href":"https:\/\/riverbar.es\/es\/wp-json\/wp\/v2\/types\/page"}],"author":[{"embeddable":true,"href":"https:\/\/riverbar.es\/es\/wp-json\/wp\/v2\/users\/2"}],"replies":[{"embeddable":true,"href":"https:\/\/riverbar.es\/es\/wp-json\/wp\/v2\/comments?post=200"}],"version-history":[{"count":114,"href":"https:\/\/riverbar.es\/es\/wp-json\/wp\/v2\/pages\/200\/revisions"}],"predecessor-version":[{"id":3061,"href":"https:\/\/riverbar.es\/es\/wp-json\/wp\/v2\/pages\/200\/revisions\/3061"}],"wp:featuredmedia":[{"embeddable":true,"href":"https:\/\/riverbar.es\/es\/wp-json\/wp\/v2\/media\/1781"}],"wp:attachment":[{"href":"https:\/\/riverbar.es\/es\/wp-json\/wp\/v2\/media?parent=200"}],"curies":[{"name":"wp","href":"https:\/\/api.w.org\/{rel}","templated":true}]}}