{"id":196,"date":"2026-03-10T11:12:55","date_gmt":"2026-03-10T10:12:55","guid":{"rendered":"https:\/\/riverbar.es\/?page_id=196"},"modified":"2026-04-07T09:43:45","modified_gmt":"2026-04-07T07:43:45","slug":"music-events","status":"publish","type":"page","link":"https:\/\/riverbar.es\/es\/music-events\/","title":{"rendered":"M\u00fasica y Eventos"},"content":{"rendered":"<div data-elementor-type=\"wp-page\" data-elementor-id=\"196\" class=\"elementor elementor-196\" data-elementor-post-type=\"page\">\n\t\t\t\t<div class=\"elementor-element elementor-element-4590cb1e e-flex e-con-boxed e-con e-parent\" data-id=\"4590cb1e\" data-element_type=\"container\" data-e-type=\"container\">\n\t\t\t\t\t<div class=\"e-con-inner\">\n\t\t<div class=\"elementor-element elementor-element-20432e0f e-con-full e-flex e-con e-child\" data-id=\"20432e0f\" data-element_type=\"container\" data-e-type=\"container\">\n\t\t\t\t<div class=\"elementor-element elementor-element-51353351 elementor-widget__width-inherit elementor-widget elementor-widget-heading\" data-id=\"51353351\" data-element_type=\"widget\" data-e-type=\"widget\" data-widget_type=\"heading.default\">\n\t\t\t\t\t<div class=\"elementor-heading-title elementor-size-default\">M\u00fasica y Eventos<\/div>\t\t\t\t<\/div>\n\t\t\t\t<div class=\"elementor-element elementor-element-36660c72 elementor-widget__width-inherit elementor-widget-tablet__width-inherit elementor-widget elementor-widget-heading\" data-id=\"36660c72\" data-element_type=\"widget\" data-e-type=\"widget\" data-widget_type=\"heading.default\">\n\t\t\t\t\t<h1 class=\"elementor-heading-title elementor-size-default\">El Sonido River<\/h1>\t\t\t\t<\/div>\n\t\t\t\t<div class=\"elementor-element elementor-element-137078bf elementor-widget__width-inherit elementor-widget elementor-widget-text-editor\" data-id=\"137078bf\" data-element_type=\"widget\" data-e-type=\"widget\" data-widget_type=\"text-editor.default\">\n\t\t\t\t\t\t\t\t\t<p>El Sonido River es el lugar donde la buena m\u00fasica se une a un ambiente inmejorable. Estamos creando un espacio donde la gente se re\u00fane al atardecer para descubrir a las \u00faltimas bandas en directo y a los DJ que est\u00e1n causando sensaci\u00f3n en la escena musical de Valencia.<\/p>\t\t\t\t\t\t\t\t<\/div>\n\t\t\t\t<div class=\"elementor-element elementor-element-6a9fa6a9 elementor-widget__width-initial elementor-widget elementor-widget-text-editor\" data-id=\"6a9fa6a9\" data-element_type=\"widget\" data-e-type=\"widget\" data-widget_type=\"text-editor.default\">\n\t\t\t\t\t\t\t\t\t<p>Con nuestro emblem\u00e1tico River Bar como tel\u00f3n de fondo, sin\u00f3nimo de diversi\u00f3n, energ\u00eda y noches inolvidables, cada evento ofrece algo \u00fanico, desde actuaciones en directo hasta animadas sesiones de DJ.<\/p>\t\t\t\t\t\t\t\t<\/div>\n\t\t\t\t<div class=\"elementor-element elementor-element-70e15b7d elementor-widget__width-initial elementor-widget elementor-widget-text-editor\" data-id=\"70e15b7d\" data-element_type=\"widget\" data-e-type=\"widget\" data-widget_type=\"text-editor.default\">\n\t\t\t\t\t\t\t\t\t<p>Ven a vernos y \u00fanete a la fiesta: disfruta de la fant\u00e1stica m\u00fasica en directo y de las sesiones de DJ, y forma parte del incre\u00edble ambiente del River Bar.<\/p>\t\t\t\t\t\t\t\t<\/div>\n\t\t\t\t<div class=\"elementor-element elementor-element-4a632cf8 elementor-widget__width-inherit river-food elementor-widget-tablet__width-inherit elementor-hidden-desktop elementor-hidden-tablet elementor-widget elementor-widget-image\" data-id=\"4a632cf8\" data-element_type=\"widget\" data-e-type=\"widget\" data-widget_type=\"image.default\">\n\t\t\t\t\t\t\t\t\t\t\t\t\t\t\t<img fetchpriority=\"high\" decoding=\"async\" width=\"976\" height=\"870\" src=\"https:\/\/riverbar.es\/wp-content\/uploads\/2026\/03\/River_Sounds.jpg\" class=\"attachment-full size-full wp-image-2865\" alt=\"\" srcset=\"https:\/\/riverbar.es\/wp-content\/uploads\/2026\/03\/River_Sounds.jpg 976w, https:\/\/riverbar.es\/wp-content\/uploads\/2026\/03\/River_Sounds-300x267.jpg 300w, https:\/\/riverbar.es\/wp-content\/uploads\/2026\/03\/River_Sounds-768x685.jpg 768w\" sizes=\"(max-width: 976px) 100vw, 976px\" \/>\t\t\t\t\t\t\t\t\t\t\t\t\t\t\t<\/div>\n\t\t\t\t<div class=\"elementor-element elementor-element-b1f85a elementor-align-justify elementor-widget elementor-widget-button\" data-id=\"b1f85a\" data-element_type=\"widget\" data-e-type=\"widget\" data-widget_type=\"button.default\">\n\t\t\t\t\t\t\t\t\t\t<a class=\"elementor-button elementor-button-link elementor-size-sm\" href=\"#sports-fixtures\">\n\t\t\t\t\t\t<span class=\"elementor-button-content-wrapper\">\n\t\t\t\t\t\t\t\t\t<span class=\"elementor-button-text\">Ver Eventos<\/span>\n\t\t\t\t\t<\/span>\n\t\t\t\t\t<\/a>\n\t\t\t\t\t\t\t\t<\/div>\n\t\t\t\t<\/div>\n\t\t<div class=\"elementor-element elementor-element-382adecf e-con-full elementor-hidden-mobile e-flex e-con e-child\" data-id=\"382adecf\" data-element_type=\"container\" data-e-type=\"container\">\n\t\t\t\t<div class=\"elementor-element elementor-element-1ef39b0c elementor-widget__width-inherit river-food elementor-widget elementor-widget-image\" data-id=\"1ef39b0c\" data-element_type=\"widget\" data-e-type=\"widget\" data-widget_type=\"image.default\">\n\t\t\t\t\t\t\t\t\t\t\t\t\t\t\t<img fetchpriority=\"high\" decoding=\"async\" width=\"976\" height=\"870\" src=\"https:\/\/riverbar.es\/wp-content\/uploads\/2026\/03\/River_Sounds.jpg\" class=\"attachment-full size-full wp-image-2865\" alt=\"\" srcset=\"https:\/\/riverbar.es\/wp-content\/uploads\/2026\/03\/River_Sounds.jpg 976w, https:\/\/riverbar.es\/wp-content\/uploads\/2026\/03\/River_Sounds-300x267.jpg 300w, https:\/\/riverbar.es\/wp-content\/uploads\/2026\/03\/River_Sounds-768x685.jpg 768w\" sizes=\"(max-width: 976px) 100vw, 976px\" \/>\t\t\t\t\t\t\t\t\t\t\t\t\t\t\t<\/div>\n\t\t\t\t<\/div>\n\t\t\t\t\t<\/div>\n\t\t\t\t<\/div>\n\t\t<div class=\"elementor-element elementor-element-5a98d629 e-flex e-con-boxed e-con e-parent\" data-id=\"5a98d629\" data-element_type=\"container\" data-e-type=\"container\" data-settings=\"{&quot;background_background&quot;:&quot;classic&quot;}\">\n\t\t\t\t\t<div class=\"e-con-inner\">\n\t\t\t\t<div class=\"elementor-element elementor-element-e33d259 elementor-widget elementor-widget-menu-anchor\" data-id=\"e33d259\" data-element_type=\"widget\" data-e-type=\"widget\" data-widget_type=\"menu-anchor.default\">\n\t\t\t\t\t\t\t<div class=\"elementor-menu-anchor\" id=\"sports-fixtures\"><\/div>\n\t\t\t\t\t\t<\/div>\n\t\t\t\t<div class=\"elementor-element elementor-element-5b27057 elementor-widget elementor-widget-gallery\" data-id=\"5b27057\" data-element_type=\"widget\" data-e-type=\"widget\" data-settings=\"{&quot;columns&quot;:3,&quot;gap&quot;:{&quot;unit&quot;:&quot;px&quot;,&quot;size&quot;:20,&quot;sizes&quot;:[]},&quot;aspect_ratio&quot;:&quot;9:16&quot;,&quot;image_hover_animation&quot;:&quot;grow&quot;,&quot;columns_tablet_extra&quot;:1,&quot;columns_tablet&quot;:1,&quot;gap_tablet&quot;:{&quot;unit&quot;:&quot;px&quot;,&quot;size&quot;:20,&quot;sizes&quot;:[]},&quot;gap_mobile&quot;:{&quot;unit&quot;:&quot;px&quot;,&quot;size&quot;:25,&quot;sizes&quot;:[]},&quot;lazyload&quot;:&quot;yes&quot;,&quot;gallery_layout&quot;:&quot;grid&quot;,&quot;columns_mobile&quot;:1,&quot;gap_tablet_extra&quot;:{&quot;unit&quot;:&quot;px&quot;,&quot;size&quot;:10,&quot;sizes&quot;:[]},&quot;link_to&quot;:&quot;file&quot;,&quot;content_hover_animation&quot;:&quot;fade-in&quot;}\" data-widget_type=\"gallery.default\">\n\t\t\t\t\t\t\t<div class=\"elementor-gallery__container\">\n\t\t\t\t\t\t\t<a class=\"e-gallery-item elementor-gallery-item elementor-animated-content\" href=\"https:\/\/riverbar.es\/wp-content\/uploads\/2026\/04\/Viernes-3.jpeg\" data-elementor-open-lightbox=\"yes\" data-elementor-lightbox-slideshow=\"5b27057\" data-elementor-lightbox-title=\"Viernes 3\" data-e-action-hash=\"#elementor-action%3Aaction%3Dlightbox%26settings%3DeyJpZCI6Mjk2MSwidXJsIjoiaHR0cHM6XC9cL3JpdmVyYmFyLmVzXC93cC1jb250ZW50XC91cGxvYWRzXC8yMDI2XC8wNFwvVmllcm5lcy0zLmpwZWciLCJzbGlkZXNob3ciOiI1YjI3MDU3In0%3D\">\n\t\t\t\t\t<div class=\"e-gallery-image elementor-gallery-item__image\" data-thumbnail=\"https:\/\/riverbar.es\/wp-content\/uploads\/2026\/04\/Viernes-3.jpeg\" data-width=\"821\" data-height=\"1200\" aria-label=\"\" role=\"img\" ><\/div>\n\t\t\t\t\t\t\t\t\t\t\t\t\t\t<\/a>\n\t\t\t\t\t\t\t<a class=\"e-gallery-item elementor-gallery-item elementor-animated-content\" href=\"https:\/\/riverbar.es\/wp-content\/uploads\/2026\/04\/Music-10-04-26.jpeg\" data-elementor-open-lightbox=\"yes\" data-elementor-lightbox-slideshow=\"5b27057\" data-elementor-lightbox-title=\"Music -10-04-26\" data-e-action-hash=\"#elementor-action%3Aaction%3Dlightbox%26settings%3DeyJpZCI6MzA4MiwidXJsIjoiaHR0cHM6XC9cL3JpdmVyYmFyLmVzXC93cC1jb250ZW50XC91cGxvYWRzXC8yMDI2XC8wNFwvTXVzaWMtMTAtMDQtMjYuanBlZyIsInNsaWRlc2hvdyI6IjViMjcwNTcifQ%3D%3D\">\n\t\t\t\t\t<div class=\"e-gallery-image elementor-gallery-item__image\" data-thumbnail=\"https:\/\/riverbar.es\/wp-content\/uploads\/2026\/04\/Music-10-04-26.jpeg\" data-width=\"821\" data-height=\"1200\" aria-label=\"\" role=\"img\" ><\/div>\n\t\t\t\t\t\t\t\t\t\t\t\t\t\t<\/a>\n\t\t\t\t\t\t\t<a class=\"e-gallery-item elementor-gallery-item elementor-animated-content\" href=\"https:\/\/riverbar.es\/wp-content\/uploads\/2026\/03\/Hsppy-Hour.jpeg\" data-elementor-open-lightbox=\"yes\" data-elementor-lightbox-slideshow=\"5b27057\" data-elementor-lightbox-title=\"Happy Hour\" data-e-action-hash=\"#elementor-action%3Aaction%3Dlightbox%26settings%3DeyJpZCI6MTk0NCwidXJsIjoiaHR0cHM6XC9cL3JpdmVyYmFyLmVzXC93cC1jb250ZW50XC91cGxvYWRzXC8yMDI2XC8wM1wvSHNwcHktSG91ci5qcGVnIiwic2xpZGVzaG93IjoiNWIyNzA1NyJ9\">\n\t\t\t\t\t<div class=\"e-gallery-image elementor-gallery-item__image\" data-thumbnail=\"https:\/\/riverbar.es\/wp-content\/uploads\/2026\/03\/Hsppy-Hour.jpeg\" data-width=\"848\" data-height=\"1200\" aria-label=\"\" role=\"img\" ><\/div>\n\t\t\t\t\t\t\t\t\t\t\t\t\t\t<\/a>\n\t\t\t\t\t\t\t<a class=\"e-gallery-item elementor-gallery-item elementor-animated-content\" href=\"https:\/\/riverbar.es\/wp-content\/uploads\/2026\/04\/Langage-exchange.jpeg\" data-elementor-open-lightbox=\"yes\" data-elementor-lightbox-slideshow=\"5b27057\" data-elementor-lightbox-title=\"Langage exchange\" data-e-action-hash=\"#elementor-action%3Aaction%3Dlightbox%26settings%3DeyJpZCI6MzA4NywidXJsIjoiaHR0cHM6XC9cL3JpdmVyYmFyLmVzXC93cC1jb250ZW50XC91cGxvYWRzXC8yMDI2XC8wNFwvTGFuZ2FnZS1leGNoYW5nZS5qcGVnIiwic2xpZGVzaG93IjoiNWIyNzA1NyJ9\">\n\t\t\t\t\t<div class=\"e-gallery-image elementor-gallery-item__image\" data-thumbnail=\"https:\/\/riverbar.es\/wp-content\/uploads\/2026\/04\/Langage-exchange.jpeg\" data-width=\"675\" data-height=\"1200\" aria-label=\"\" role=\"img\" ><\/div>\n\t\t\t\t\t\t\t\t\t\t\t\t\t\t<\/a>\n\t\t\t\t\t<\/div>\n\t\t\t\t\t<\/div>\n\t\t\t\t\t<\/div>\n\t\t\t\t<\/div>\n\t\t<div class=\"elementor-element elementor-element-67e82cfc e-flex e-con-boxed e-con e-parent\" data-id=\"67e82cfc\" data-element_type=\"container\" data-e-type=\"container\">\n\t\t\t\t\t<div class=\"e-con-inner\">\n\t\t\t\t<div class=\"elementor-element elementor-element-5f2eeff5 elementor-widget elementor-widget-ucaddon_diagonal_hero\" data-id=\"5f2eeff5\" data-element_type=\"widget\" data-e-type=\"widget\" data-widget_type=\"ucaddon_diagonal_hero.default\">\n\t\t\t\t<div class=\"elementor-widget-container\">\n\t\t\t\t\t\n<!-- start Diagonal Hero -->\n<style>\/* widget: Diagonal Hero *\/\n\n#uc_diagonal_hero_elementor_5f2eeff5\n{\n  display:flex;\n  position: relative;\n}\n\n#uc_diagonal_hero_elementor_5f2eeff5 .ue-whole-link\n{\n  position: absolute;\n  width: 100%;\n  height: 100%;\n  display: block;\n  z-index: 1;\n  top: 0;\n  left: 0;\n}\n\n#uc_diagonal_hero_elementor_5f2eeff5 .ue-image\n{\n  background-image:url(https:\/\/riverbar.es\/wp-content\/uploads\/2026\/03\/Untitled-design-6.jpg);\n  background-size:cover;\n  flex-shrink:0;\n  flex-grow:0;\n  position:relative;\n  overflow:hidden;\n}\n\n#uc_diagonal_hero_elementor_5f2eeff5 .ue-image-overlay\n{\n  position:absolute;\n  top:0;\n  left:0;\n  right:0;\n  bottom:0;\n  height:100%;\n  width:100%;\n}\n\n\n#uc_diagonal_hero_elementor_5f2eeff5 .ue-content\n{\n  display:flex;\n  align-items:center;\n  justify-content:center;\n  flex-grow:1;\n}\n\n#uc_diagonal_hero_elementor_5f2eeff5 .ue-content > div\n{\n  width:100%;\n}\n.ue-title\n{\n  font-size:52px;\n}\n\n#uc_diagonal_hero_elementor_5f2eeff5 .ue-btn-wrap\n{\n  width:100%;\n}\n#uc_diagonal_hero_elementor_5f2eeff5 .ue-btn\n{\n  transition:0.3s;\n  text-decoration:none;\n}\n\n#uc_diagonal_hero_elementor_5f2eeff5 .ue-separator\n{\n  display:inline-block;\n}\n\n<\/style>\n\n<div id=\"uc_diagonal_hero_elementor_5f2eeff5\" class=\"diagonal_hero\">\n  \n  <div class=\"ue-content\">\n    <div>\n      <div class=\"ue-template\"><\/div>\n      <div class=\"ue-title\">Reserva tu mesa en River Bar<\/div>\n      \n      <div class=\"ue-separator-wrapper\">\n        <div class=\"ue-separator\"><\/div>\n      <\/div>\n      \n      <div class=\"ue-sub-title\">Comida, bebida y buen ambiente en el coraz\u00f3n de Valencia.<\/div>\n      \n      <div class=\"ue-btn-wrap\"><a  class=\"ue-btn\" href=\"https:\/\/wa.me\/34680263788?text=Hola,%20Quiero%20reservar%20una%20mesa...\"  target='_blank'>RESERVA TU MESA AHORA<\/a><\/div>\n      \n      <div class=\"ue-template\"><\/div>\n    <\/div>\n  <\/div>\n  \n  <div class=\"ue-image\">\n    \n    \t\n  \t\t  \n  <\/div>\n  \n    \n<\/div>\n<!-- end Diagonal Hero -->\t\t\t\t<\/div>\n\t\t\t\t<\/div>\n\t\t\t\t<div class=\"elementor-element elementor-element-60ce7b6d elementor-widget elementor-widget-spacer\" data-id=\"60ce7b6d\" data-element_type=\"widget\" data-e-type=\"widget\" data-widget_type=\"spacer.default\">\n\t\t\t\t\t\t\t<div class=\"elementor-spacer\">\n\t\t\t<div class=\"elementor-spacer-inner\"><\/div>\n\t\t<\/div>\n\t\t\t\t\t\t<\/div>\n\t\t\t\t\t<\/div>\n\t\t\t\t<\/div>\n\t\t\t\t<\/div>","protected":false},"excerpt":{"rendered":"<p>Music Events River Sounds River Sounds is where great music meets great atmosphere. We\u2019re creating a space where people come together in the early evening to discover the latest live bands and DJs making waves on the Valencia music scene. With our iconic River Bar backdrop becoming synonymous with fun, energy, and unforgettable nights, every [&hellip;]<\/p>\n","protected":false},"author":2,"featured_media":2865,"parent":0,"menu_order":40,"comment_status":"closed","ping_status":"closed","template":"","meta":{"footnotes":""},"class_list":["post-196","page","type-page","status-publish","has-post-thumbnail","hentry"],"yoast_head":"<!-- This site is optimized with the Yoast SEO Premium plugin v27.2 (Yoast SEO v27.3) - https:\/\/yoast.com\/product\/yoast-seo-premium-wordpress\/ -->\n<title>Live Music &amp; Events | Bar in Valencia | River Bar<\/title>\n<meta name=\"description\" content=\"Enjoy live music and events in Valencia at River Bar with great drinks and a lively atmosphere.\" \/>\n<meta name=\"robots\" content=\"index, follow, max-snippet:-1, max-image-preview:large, max-video-preview:-1\" \/>\n<link rel=\"canonical\" href=\"https:\/\/riverbar.es\/es\/music-events\/\" \/>\n<meta property=\"og:locale\" content=\"es_ES\" \/>\n<meta property=\"og:type\" content=\"article\" \/>\n<meta property=\"og:title\" content=\"Music &amp; Events\" \/>\n<meta property=\"og:description\" content=\"Enjoy live music and events in Valencia at River Bar with great drinks and a lively atmosphere.\" \/>\n<meta property=\"og:url\" content=\"https:\/\/riverbar.es\/es\/music-events\/\" \/>\n<meta property=\"og:site_name\" content=\"River Bar\" \/>\n<meta property=\"article:publisher\" content=\"https:\/\/www.facebook.com\/profile.php?id=61580530641758\" \/>\n<meta property=\"article:modified_time\" content=\"2026-04-07T07:43:45+00:00\" \/>\n<meta property=\"og:image\" content=\"https:\/\/riverbar.es\/wp-content\/uploads\/2026\/03\/River_Sounds.jpg\" \/>\n\t<meta property=\"og:image:width\" content=\"976\" \/>\n\t<meta property=\"og:image:height\" content=\"870\" \/>\n\t<meta property=\"og:image:type\" content=\"image\/jpeg\" \/>\n<meta name=\"twitter:card\" content=\"summary_large_image\" \/>\n<meta name=\"twitter:label1\" content=\"Tiempo de lectura\" \/>\n\t<meta name=\"twitter:data1\" content=\"1 minuto\" \/>\n<script type=\"application\/ld+json\" class=\"yoast-schema-graph\">{\"@context\":\"https:\\\/\\\/schema.org\",\"@graph\":[{\"@type\":\"WebPage\",\"@id\":\"https:\\\/\\\/riverbar.es\\\/music-events\\\/\",\"url\":\"https:\\\/\\\/riverbar.es\\\/music-events\\\/\",\"name\":\"Live Music & Events | Bar in Valencia | River Bar\",\"isPartOf\":{\"@id\":\"https:\\\/\\\/riverbar.es\\\/#website\"},\"primaryImageOfPage\":{\"@id\":\"https:\\\/\\\/riverbar.es\\\/music-events\\\/#primaryimage\"},\"image\":{\"@id\":\"https:\\\/\\\/riverbar.es\\\/music-events\\\/#primaryimage\"},\"thumbnailUrl\":\"https:\\\/\\\/riverbar.es\\\/wp-content\\\/uploads\\\/2026\\\/03\\\/River_Sounds.jpg\",\"datePublished\":\"2026-03-10T10:12:55+00:00\",\"dateModified\":\"2026-04-07T07:43:45+00:00\",\"description\":\"Enjoy live music and events in Valencia at River Bar with great drinks and a lively atmosphere.\",\"breadcrumb\":{\"@id\":\"https:\\\/\\\/riverbar.es\\\/music-events\\\/#breadcrumb\"},\"inLanguage\":\"es\",\"potentialAction\":[{\"@type\":\"ReadAction\",\"target\":[\"https:\\\/\\\/riverbar.es\\\/music-events\\\/\"]}]},{\"@type\":\"ImageObject\",\"inLanguage\":\"es\",\"@id\":\"https:\\\/\\\/riverbar.es\\\/music-events\\\/#primaryimage\",\"url\":\"https:\\\/\\\/riverbar.es\\\/wp-content\\\/uploads\\\/2026\\\/03\\\/River_Sounds.jpg\",\"contentUrl\":\"https:\\\/\\\/riverbar.es\\\/wp-content\\\/uploads\\\/2026\\\/03\\\/River_Sounds.jpg\",\"width\":976,\"height\":870},{\"@type\":\"BreadcrumbList\",\"@id\":\"https:\\\/\\\/riverbar.es\\\/music-events\\\/#breadcrumb\",\"itemListElement\":[{\"@type\":\"ListItem\",\"position\":1,\"name\":\"Home\",\"item\":\"https:\\\/\\\/riverbar.es\\\/\"},{\"@type\":\"ListItem\",\"position\":2,\"name\":\"Music &#038; Events\"}]},{\"@type\":\"WebSite\",\"@id\":\"https:\\\/\\\/riverbar.es\\\/#website\",\"url\":\"https:\\\/\\\/riverbar.es\\\/\",\"name\":\"River Bar\",\"description\":\"The River knows the way...\",\"publisher\":{\"@id\":\"https:\\\/\\\/riverbar.es\\\/#organization\"},\"potentialAction\":[{\"@type\":\"SearchAction\",\"target\":{\"@type\":\"EntryPoint\",\"urlTemplate\":\"https:\\\/\\\/riverbar.es\\\/?s={search_term_string}\"},\"query-input\":{\"@type\":\"PropertyValueSpecification\",\"valueRequired\":true,\"valueName\":\"search_term_string\"}}],\"inLanguage\":\"es\"},{\"@type\":\"Organization\",\"@id\":\"https:\\\/\\\/riverbar.es\\\/#organization\",\"name\":\"River Bar\",\"url\":\"https:\\\/\\\/riverbar.es\\\/\",\"logo\":{\"@type\":\"ImageObject\",\"inLanguage\":\"es\",\"@id\":\"https:\\\/\\\/riverbar.es\\\/#\\\/schema\\\/logo\\\/image\\\/\",\"url\":\"https:\\\/\\\/riverbar.es\\\/wp-content\\\/uploads\\\/2026\\\/03\\\/Square-social.jpg\",\"contentUrl\":\"https:\\\/\\\/riverbar.es\\\/wp-content\\\/uploads\\\/2026\\\/03\\\/Square-social.jpg\",\"width\":512,\"height\":512,\"caption\":\"River Bar\"},\"image\":{\"@id\":\"https:\\\/\\\/riverbar.es\\\/#\\\/schema\\\/logo\\\/image\\\/\"},\"sameAs\":[\"https:\\\/\\\/www.facebook.com\\\/profile.php?id=61580530641758\",\"https:\\\/\\\/www.instagram.com\\\/riverbarvalencia\\\/\"]}]}<\/script>\n<!-- \/ Yoast SEO Premium plugin. -->","yoast_head_json":{"title":"Live Music & Events | Bar in Valencia | River Bar","description":"Enjoy live music and events in Valencia at River Bar with great drinks and a lively atmosphere.","robots":{"index":"index","follow":"follow","max-snippet":"max-snippet:-1","max-image-preview":"max-image-preview:large","max-video-preview":"max-video-preview:-1"},"canonical":"https:\/\/riverbar.es\/es\/music-events\/","og_locale":"es_ES","og_type":"article","og_title":"Music & Events","og_description":"Enjoy live music and events in Valencia at River Bar with great drinks and a lively atmosphere.","og_url":"https:\/\/riverbar.es\/es\/music-events\/","og_site_name":"River Bar","article_publisher":"https:\/\/www.facebook.com\/profile.php?id=61580530641758","article_modified_time":"2026-04-07T07:43:45+00:00","og_image":[{"width":976,"height":870,"url":"https:\/\/riverbar.es\/wp-content\/uploads\/2026\/03\/River_Sounds.jpg","type":"image\/jpeg"}],"twitter_card":"summary_large_image","twitter_misc":{"Tiempo de lectura":"1 minuto"},"schema":{"@context":"https:\/\/schema.org","@graph":[{"@type":"WebPage","@id":"https:\/\/riverbar.es\/music-events\/","url":"https:\/\/riverbar.es\/music-events\/","name":"Live Music & Events | Bar in Valencia | River Bar","isPartOf":{"@id":"https:\/\/riverbar.es\/#website"},"primaryImageOfPage":{"@id":"https:\/\/riverbar.es\/music-events\/#primaryimage"},"image":{"@id":"https:\/\/riverbar.es\/music-events\/#primaryimage"},"thumbnailUrl":"https:\/\/riverbar.es\/wp-content\/uploads\/2026\/03\/River_Sounds.jpg","datePublished":"2026-03-10T10:12:55+00:00","dateModified":"2026-04-07T07:43:45+00:00","description":"Enjoy live music and events in Valencia at River Bar with great drinks and a lively atmosphere.","breadcrumb":{"@id":"https:\/\/riverbar.es\/music-events\/#breadcrumb"},"inLanguage":"es","potentialAction":[{"@type":"ReadAction","target":["https:\/\/riverbar.es\/music-events\/"]}]},{"@type":"ImageObject","inLanguage":"es","@id":"https:\/\/riverbar.es\/music-events\/#primaryimage","url":"https:\/\/riverbar.es\/wp-content\/uploads\/2026\/03\/River_Sounds.jpg","contentUrl":"https:\/\/riverbar.es\/wp-content\/uploads\/2026\/03\/River_Sounds.jpg","width":976,"height":870},{"@type":"BreadcrumbList","@id":"https:\/\/riverbar.es\/music-events\/#breadcrumb","itemListElement":[{"@type":"ListItem","position":1,"name":"Home","item":"https:\/\/riverbar.es\/"},{"@type":"ListItem","position":2,"name":"Music &#038; Events"}]},{"@type":"WebSite","@id":"https:\/\/riverbar.es\/#website","url":"https:\/\/riverbar.es\/","name":"River Bar","description":"The River knows the way...","publisher":{"@id":"https:\/\/riverbar.es\/#organization"},"potentialAction":[{"@type":"SearchAction","target":{"@type":"EntryPoint","urlTemplate":"https:\/\/riverbar.es\/?s={search_term_string}"},"query-input":{"@type":"PropertyValueSpecification","valueRequired":true,"valueName":"search_term_string"}}],"inLanguage":"es"},{"@type":"Organization","@id":"https:\/\/riverbar.es\/#organization","name":"River Bar","url":"https:\/\/riverbar.es\/","logo":{"@type":"ImageObject","inLanguage":"es","@id":"https:\/\/riverbar.es\/#\/schema\/logo\/image\/","url":"https:\/\/riverbar.es\/wp-content\/uploads\/2026\/03\/Square-social.jpg","contentUrl":"https:\/\/riverbar.es\/wp-content\/uploads\/2026\/03\/Square-social.jpg","width":512,"height":512,"caption":"River Bar"},"image":{"@id":"https:\/\/riverbar.es\/#\/schema\/logo\/image\/"},"sameAs":["https:\/\/www.facebook.com\/profile.php?id=61580530641758","https:\/\/www.instagram.com\/riverbarvalencia\/"]}]}},"_links":{"self":[{"href":"https:\/\/riverbar.es\/es\/wp-json\/wp\/v2\/pages\/196","targetHints":{"allow":["GET"]}}],"collection":[{"href":"https:\/\/riverbar.es\/es\/wp-json\/wp\/v2\/pages"}],"about":[{"href":"https:\/\/riverbar.es\/es\/wp-json\/wp\/v2\/types\/page"}],"author":[{"embeddable":true,"href":"https:\/\/riverbar.es\/es\/wp-json\/wp\/v2\/users\/2"}],"replies":[{"embeddable":true,"href":"https:\/\/riverbar.es\/es\/wp-json\/wp\/v2\/comments?post=196"}],"version-history":[{"count":10,"href":"https:\/\/riverbar.es\/es\/wp-json\/wp\/v2\/pages\/196\/revisions"}],"predecessor-version":[{"id":3090,"href":"https:\/\/riverbar.es\/es\/wp-json\/wp\/v2\/pages\/196\/revisions\/3090"}],"wp:featuredmedia":[{"embeddable":true,"href":"https:\/\/riverbar.es\/es\/wp-json\/wp\/v2\/media\/2865"}],"wp:attachment":[{"href":"https:\/\/riverbar.es\/es\/wp-json\/wp\/v2\/media?parent=196"}],"curies":[{"name":"wp","href":"https:\/\/api.w.org\/{rel}","templated":true}]}}