{"id":17,"date":"2025-10-21T11:56:09","date_gmt":"2025-10-21T09:56:09","guid":{"rendered":"https:\/\/riverbar.es\/?page_id=17"},"modified":"2026-04-01T14:10:43","modified_gmt":"2026-04-01T12:10:43","slug":"drinks-menu","status":"publish","type":"page","link":"https:\/\/riverbar.es\/es\/drinks-menu\/","title":{"rendered":"Carta de Bebidas"},"content":{"rendered":"<div data-elementor-type=\"wp-page\" data-elementor-id=\"17\" class=\"elementor elementor-17\" data-elementor-post-type=\"page\">\n\t\t\t\t<div class=\"elementor-element elementor-element-52488799 e-flex e-con-boxed e-con e-parent\" data-id=\"52488799\" data-element_type=\"container\" data-e-type=\"container\">\n\t\t\t\t\t<div class=\"e-con-inner\">\n\t\t<div class=\"elementor-element elementor-element-30eaedde e-con-full e-flex e-con e-child\" data-id=\"30eaedde\" data-element_type=\"container\" data-e-type=\"container\">\n\t\t\t\t<div class=\"elementor-element elementor-element-44f7e49c elementor-widget__width-inherit elementor-widget elementor-widget-heading\" data-id=\"44f7e49c\" data-element_type=\"widget\" data-e-type=\"widget\" data-widget_type=\"heading.default\">\n\t\t\t\t\t<div class=\"elementor-heading-title elementor-size-default\">Carta de Bebidas<\/div>\t\t\t\t<\/div>\n\t\t\t\t<div class=\"elementor-element elementor-element-13c74356 elementor-widget__width-inherit elementor-widget-tablet__width-inherit elementor-widget elementor-widget-heading\" data-id=\"13c74356\" data-element_type=\"widget\" data-e-type=\"widget\" data-widget_type=\"heading.default\">\n\t\t\t\t\t<h1 class=\"elementor-heading-title elementor-size-default\">Bebidas River<\/h1>\t\t\t\t<\/div>\n\t\t\t\t<div class=\"elementor-element elementor-element-c8212d0 elementor-widget__width-inherit elementor-widget elementor-widget-text-editor\" data-id=\"c8212d0\" data-element_type=\"widget\" data-e-type=\"widget\" data-widget_type=\"text-editor.default\">\n\t\t\t\t\t\t\t\t\t<p>En River Bar las bebidas fluyen como un r\u00edo y la variedad es infinita. Con una selecci\u00f3n de nueve cervezas de barril, adem\u00e1s de una amplia gama de cervezas embotelladas bien fr\u00edas, satisfacemos a todos los gustos.\u00a0<\/p>\t\t\t\t\t\t\t\t<\/div>\n\t\t\t\t<div class=\"elementor-element elementor-element-534a1cc0 elementor-widget__width-initial elementor-widget elementor-widget-text-editor\" data-id=\"534a1cc0\" data-element_type=\"widget\" data-e-type=\"widget\" data-widget_type=\"text-editor.default\">\n\t\t\t\t\t\t\t\t\t<p>Nuestra carta de vinos, cuidadosamente confeccionada, ofrece una selecci\u00f3n de vinos tintos y blancos de gran calidad, perfectos para cualquier ocasi\u00f3n. Contamos con una gran variedad de ginebras, whiskies y licores de primera calidad, que tambi\u00e9n constituyen la base ideal para nuestros c\u00f3cteles elaborados por expertos.<\/p>\t\t\t\t\t\t\t\t<\/div>\n\t\t\t\t<div class=\"elementor-element elementor-element-23517ba6 elementor-widget__width-initial elementor-widget elementor-widget-text-editor\" data-id=\"23517ba6\" data-element_type=\"widget\" data-e-type=\"widget\" data-widget_type=\"text-editor.default\">\n\t\t\t\t\t\t\t\t\t<p>Tanto si est\u00e1s disfrutando de una tarde tranquila en nuestra soleada terraza, viendo deportes en directo en un ambiente animado o prepar\u00e1ndote para una noche de m\u00fasica con las \u00faltimas bandas y DJ \u2019s en directo, en River Bar siempre tendr\u00e1s la bebida perfecta en la mano.<\/p>\t\t\t\t\t\t\t\t<\/div>\n\t\t\t\t<div class=\"elementor-element elementor-element-47919b5a elementor-widget__width-inherit river-food elementor-widget-tablet__width-inherit elementor-hidden-desktop elementor-hidden-tablet elementor-widget elementor-widget-image\" data-id=\"47919b5a\" data-element_type=\"widget\" data-e-type=\"widget\" data-widget_type=\"image.default\">\n\t\t\t\t\t\t\t\t\t\t\t\t\t\t\t<img fetchpriority=\"high\" decoding=\"async\" width=\"1200\" height=\"1152\" src=\"https:\/\/riverbar.es\/wp-content\/uploads\/2026\/03\/Drinks-Menu.jpg\" class=\"attachment-full size-full wp-image-1587\" alt=\"\" srcset=\"https:\/\/riverbar.es\/wp-content\/uploads\/2026\/03\/Drinks-Menu.jpg 1200w, https:\/\/riverbar.es\/wp-content\/uploads\/2026\/03\/Drinks-Menu-300x288.jpg 300w, https:\/\/riverbar.es\/wp-content\/uploads\/2026\/03\/Drinks-Menu-1024x983.jpg 1024w, https:\/\/riverbar.es\/wp-content\/uploads\/2026\/03\/Drinks-Menu-768x737.jpg 768w\" sizes=\"(max-width: 1200px) 100vw, 1200px\" \/>\t\t\t\t\t\t\t\t\t\t\t\t\t\t\t<\/div>\n\t\t\t\t<div class=\"elementor-element elementor-element-a72fd81 elementor-align-justify elementor-widget elementor-widget-button\" data-id=\"a72fd81\" data-element_type=\"widget\" data-e-type=\"widget\" data-widget_type=\"button.default\">\n\t\t\t\t\t\t\t\t\t\t<a class=\"elementor-button elementor-button-link elementor-size-sm\" href=\"https:\/\/tu-bar.es\/menu\/RIVER-BAR?o=128176&amp;t=I7tBIxmTAIjsZ7fkLpTIxv3eUIBvCHnbG56v7ahEK6WShV0HOVcfBns5ENaL#menu-wine\" target=\"_blank\">\n\t\t\t\t\t\t<span class=\"elementor-button-content-wrapper\">\n\t\t\t\t\t\t\t\t\t<span class=\"elementor-button-text\">Ver la carta de bebidas<\/span>\n\t\t\t\t\t<\/span>\n\t\t\t\t\t<\/a>\n\t\t\t\t\t\t\t\t<\/div>\n\t\t\t\t<\/div>\n\t\t<div class=\"elementor-element elementor-element-62fd9060 e-con-full elementor-hidden-mobile e-flex e-con e-child\" data-id=\"62fd9060\" data-element_type=\"container\" data-e-type=\"container\">\n\t\t\t\t<div class=\"elementor-element elementor-element-759e001a elementor-widget__width-inherit river-food elementor-widget elementor-widget-image\" data-id=\"759e001a\" data-element_type=\"widget\" data-e-type=\"widget\" data-widget_type=\"image.default\">\n\t\t\t\t\t\t\t\t\t\t\t\t\t\t\t<img fetchpriority=\"high\" decoding=\"async\" width=\"1200\" height=\"1152\" src=\"https:\/\/riverbar.es\/wp-content\/uploads\/2026\/03\/Drinks-Menu.jpg\" class=\"attachment-full size-full wp-image-1587\" alt=\"\" srcset=\"https:\/\/riverbar.es\/wp-content\/uploads\/2026\/03\/Drinks-Menu.jpg 1200w, https:\/\/riverbar.es\/wp-content\/uploads\/2026\/03\/Drinks-Menu-300x288.jpg 300w, https:\/\/riverbar.es\/wp-content\/uploads\/2026\/03\/Drinks-Menu-1024x983.jpg 1024w, https:\/\/riverbar.es\/wp-content\/uploads\/2026\/03\/Drinks-Menu-768x737.jpg 768w\" sizes=\"(max-width: 1200px) 100vw, 1200px\" \/>\t\t\t\t\t\t\t\t\t\t\t\t\t\t\t<\/div>\n\t\t\t\t<\/div>\n\t\t\t\t\t<\/div>\n\t\t\t\t<\/div>\n\t\t<div class=\"elementor-element elementor-element-3ca3ac0b e-flex e-con-boxed e-con e-parent\" data-id=\"3ca3ac0b\" data-element_type=\"container\" data-e-type=\"container\">\n\t\t\t\t\t<div class=\"e-con-inner\">\n\t\t\t\t<div class=\"elementor-element elementor-element-7976ea96 elementor-widget elementor-widget-ucaddon_diagonal_hero\" data-id=\"7976ea96\" data-element_type=\"widget\" data-e-type=\"widget\" data-widget_type=\"ucaddon_diagonal_hero.default\">\n\t\t\t\t<div class=\"elementor-widget-container\">\n\t\t\t\t\t\n<!-- start Diagonal Hero -->\n<style>\/* widget: Diagonal Hero *\/\n\n#uc_diagonal_hero_elementor_7976ea96\n{\n  display:flex;\n  position: relative;\n}\n\n#uc_diagonal_hero_elementor_7976ea96 .ue-whole-link\n{\n  position: absolute;\n  width: 100%;\n  height: 100%;\n  display: block;\n  z-index: 1;\n  top: 0;\n  left: 0;\n}\n\n#uc_diagonal_hero_elementor_7976ea96 .ue-image\n{\n  background-image:url(https:\/\/riverbar.es\/wp-content\/uploads\/2026\/03\/Untitled-design-6.jpg);\n  background-size:cover;\n  flex-shrink:0;\n  flex-grow:0;\n  position:relative;\n  overflow:hidden;\n}\n\n#uc_diagonal_hero_elementor_7976ea96 .ue-image-overlay\n{\n  position:absolute;\n  top:0;\n  left:0;\n  right:0;\n  bottom:0;\n  height:100%;\n  width:100%;\n}\n\n\n#uc_diagonal_hero_elementor_7976ea96 .ue-content\n{\n  display:flex;\n  align-items:center;\n  justify-content:center;\n  flex-grow:1;\n}\n\n#uc_diagonal_hero_elementor_7976ea96 .ue-content > div\n{\n  width:100%;\n}\n.ue-title\n{\n  font-size:52px;\n}\n\n#uc_diagonal_hero_elementor_7976ea96 .ue-btn-wrap\n{\n  width:100%;\n}\n#uc_diagonal_hero_elementor_7976ea96 .ue-btn\n{\n  transition:0.3s;\n  text-decoration:none;\n}\n\n#uc_diagonal_hero_elementor_7976ea96 .ue-separator\n{\n  display:inline-block;\n}\n\n<\/style>\n\n<div id=\"uc_diagonal_hero_elementor_7976ea96\" class=\"diagonal_hero\">\n  \n  <div class=\"ue-content\">\n    <div>\n      <div class=\"ue-template\"><\/div>\n      <div class=\"ue-title\">Reserva tu mesa en River Bar<\/div>\n      \n      <div class=\"ue-separator-wrapper\">\n        <div class=\"ue-separator\"><\/div>\n      <\/div>\n      \n      <div class=\"ue-sub-title\">Comida, bebida y buen ambiente en el coraz\u00f3n de Valencia.<\/div>\n      \n      <div class=\"ue-btn-wrap\"><a  class=\"ue-btn\" href=\"https:\/\/wa.me\/34680263788?text=Hola,%20Quiero%20reservar%20una%20mesa...\"  target='_blank'>RESERVA TU MESA AHORA<\/a><\/div>\n      \n      <div class=\"ue-template\"><\/div>\n    <\/div>\n  <\/div>\n  \n  <div class=\"ue-image\">\n    \n    \t\n  \t\t  \n  <\/div>\n  \n    \n<\/div>\n<!-- end Diagonal Hero -->\t\t\t\t<\/div>\n\t\t\t\t<\/div>\n\t\t\t\t<div class=\"elementor-element elementor-element-4565c6e9 elementor-widget elementor-widget-spacer\" data-id=\"4565c6e9\" data-element_type=\"widget\" data-e-type=\"widget\" data-widget_type=\"spacer.default\">\n\t\t\t\t\t\t\t<div class=\"elementor-spacer\">\n\t\t\t<div class=\"elementor-spacer-inner\"><\/div>\n\t\t<\/div>\n\t\t\t\t\t\t<\/div>\n\t\t\t\t\t<\/div>\n\t\t\t\t<\/div>\n\t\t\t\t<\/div>","protected":false},"excerpt":{"rendered":"<p>Drinks Menu River Drinks At River Bar the drinks flow like a river and the choice never ends. With a selection of nine draft beers on tap, as well as a wide selection of chilled bottled beers, we cater to every taste. Our carefully curated wine list offers a selection of high quality red and [&hellip;]<\/p>\n","protected":false},"author":2,"featured_media":1587,"parent":0,"menu_order":22,"comment_status":"closed","ping_status":"closed","template":"elementor_header_footer","meta":{"footnotes":""},"class_list":["post-17","page","type-page","status-publish","has-post-thumbnail","hentry"],"yoast_head":"<!-- This site is optimized with the Yoast SEO Premium plugin v27.2 (Yoast SEO v27.3) - https:\/\/yoast.com\/product\/yoast-seo-premium-wordpress\/ -->\n<title>Drinks &amp; Cocktails | Bar Drinks in Valencia | River Bar<\/title>\n<meta name=\"description\" content=\"Discover an array of cocktails, high quality wines and drinks in Valencia at River Bar with beers, spirits and a lively bar atmosphere.\" \/>\n<meta name=\"robots\" content=\"index, follow, max-snippet:-1, max-image-preview:large, max-video-preview:-1\" \/>\n<link rel=\"canonical\" href=\"https:\/\/riverbar.es\/es\/drinks-menu\/\" \/>\n<meta property=\"og:locale\" content=\"es_ES\" \/>\n<meta property=\"og:type\" content=\"article\" \/>\n<meta property=\"og:title\" content=\"Drinks Menu\" \/>\n<meta property=\"og:description\" content=\"Discover an array of cocktails, high quality wines and drinks in Valencia at River Bar with beers, spirits and a lively bar atmosphere.\" \/>\n<meta property=\"og:url\" content=\"https:\/\/riverbar.es\/es\/drinks-menu\/\" \/>\n<meta property=\"og:site_name\" content=\"River Bar\" \/>\n<meta property=\"article:publisher\" content=\"https:\/\/www.facebook.com\/profile.php?id=61580530641758\" \/>\n<meta property=\"article:modified_time\" content=\"2026-04-01T12:10:43+00:00\" \/>\n<meta property=\"og:image\" content=\"https:\/\/riverbar.es\/wp-content\/uploads\/2026\/03\/Drinks-Menu.jpg\" \/>\n\t<meta property=\"og:image:width\" content=\"1200\" \/>\n\t<meta property=\"og:image:height\" content=\"1152\" \/>\n\t<meta property=\"og:image:type\" content=\"image\/jpeg\" \/>\n<meta name=\"twitter:card\" content=\"summary_large_image\" \/>\n<meta name=\"twitter:label1\" content=\"Tiempo de lectura\" \/>\n\t<meta name=\"twitter:data1\" content=\"2 minutos\" \/>\n<script type=\"application\/ld+json\" class=\"yoast-schema-graph\">{\"@context\":\"https:\\\/\\\/schema.org\",\"@graph\":[{\"@type\":\"WebPage\",\"@id\":\"https:\\\/\\\/riverbar.es\\\/drinks-menu\\\/\",\"url\":\"https:\\\/\\\/riverbar.es\\\/drinks-menu\\\/\",\"name\":\"Drinks & Cocktails | Bar Drinks in Valencia | River Bar\",\"isPartOf\":{\"@id\":\"https:\\\/\\\/riverbar.es\\\/#website\"},\"primaryImageOfPage\":{\"@id\":\"https:\\\/\\\/riverbar.es\\\/drinks-menu\\\/#primaryimage\"},\"image\":{\"@id\":\"https:\\\/\\\/riverbar.es\\\/drinks-menu\\\/#primaryimage\"},\"thumbnailUrl\":\"https:\\\/\\\/riverbar.es\\\/wp-content\\\/uploads\\\/2026\\\/03\\\/Drinks-Menu.jpg\",\"datePublished\":\"2025-10-21T09:56:09+00:00\",\"dateModified\":\"2026-04-01T12:10:43+00:00\",\"description\":\"Discover an array of cocktails, high quality wines and drinks in Valencia at River Bar with beers, spirits and a lively bar atmosphere.\",\"breadcrumb\":{\"@id\":\"https:\\\/\\\/riverbar.es\\\/drinks-menu\\\/#breadcrumb\"},\"inLanguage\":\"es\",\"potentialAction\":[{\"@type\":\"ReadAction\",\"target\":[\"https:\\\/\\\/riverbar.es\\\/drinks-menu\\\/\"]}]},{\"@type\":\"ImageObject\",\"inLanguage\":\"es\",\"@id\":\"https:\\\/\\\/riverbar.es\\\/drinks-menu\\\/#primaryimage\",\"url\":\"https:\\\/\\\/riverbar.es\\\/wp-content\\\/uploads\\\/2026\\\/03\\\/Drinks-Menu.jpg\",\"contentUrl\":\"https:\\\/\\\/riverbar.es\\\/wp-content\\\/uploads\\\/2026\\\/03\\\/Drinks-Menu.jpg\",\"width\":1200,\"height\":1152},{\"@type\":\"BreadcrumbList\",\"@id\":\"https:\\\/\\\/riverbar.es\\\/drinks-menu\\\/#breadcrumb\",\"itemListElement\":[{\"@type\":\"ListItem\",\"position\":1,\"name\":\"Home\",\"item\":\"https:\\\/\\\/riverbar.es\\\/\"},{\"@type\":\"ListItem\",\"position\":2,\"name\":\"Drinks Menu\"}]},{\"@type\":\"WebSite\",\"@id\":\"https:\\\/\\\/riverbar.es\\\/#website\",\"url\":\"https:\\\/\\\/riverbar.es\\\/\",\"name\":\"River Bar\",\"description\":\"The River knows the way...\",\"publisher\":{\"@id\":\"https:\\\/\\\/riverbar.es\\\/#organization\"},\"potentialAction\":[{\"@type\":\"SearchAction\",\"target\":{\"@type\":\"EntryPoint\",\"urlTemplate\":\"https:\\\/\\\/riverbar.es\\\/?s={search_term_string}\"},\"query-input\":{\"@type\":\"PropertyValueSpecification\",\"valueRequired\":true,\"valueName\":\"search_term_string\"}}],\"inLanguage\":\"es\"},{\"@type\":\"Organization\",\"@id\":\"https:\\\/\\\/riverbar.es\\\/#organization\",\"name\":\"River Bar\",\"url\":\"https:\\\/\\\/riverbar.es\\\/\",\"logo\":{\"@type\":\"ImageObject\",\"inLanguage\":\"es\",\"@id\":\"https:\\\/\\\/riverbar.es\\\/#\\\/schema\\\/logo\\\/image\\\/\",\"url\":\"https:\\\/\\\/riverbar.es\\\/wp-content\\\/uploads\\\/2026\\\/03\\\/Square-social.jpg\",\"contentUrl\":\"https:\\\/\\\/riverbar.es\\\/wp-content\\\/uploads\\\/2026\\\/03\\\/Square-social.jpg\",\"width\":512,\"height\":512,\"caption\":\"River Bar\"},\"image\":{\"@id\":\"https:\\\/\\\/riverbar.es\\\/#\\\/schema\\\/logo\\\/image\\\/\"},\"sameAs\":[\"https:\\\/\\\/www.facebook.com\\\/profile.php?id=61580530641758\",\"https:\\\/\\\/www.instagram.com\\\/riverbarvalencia\\\/\"]}]}<\/script>\n<!-- \/ Yoast SEO Premium plugin. -->","yoast_head_json":{"title":"Drinks & Cocktails | Bar Drinks in Valencia | River Bar","description":"Discover an array of cocktails, high quality wines and drinks in Valencia at River Bar with beers, spirits and a lively bar atmosphere.","robots":{"index":"index","follow":"follow","max-snippet":"max-snippet:-1","max-image-preview":"max-image-preview:large","max-video-preview":"max-video-preview:-1"},"canonical":"https:\/\/riverbar.es\/es\/drinks-menu\/","og_locale":"es_ES","og_type":"article","og_title":"Drinks Menu","og_description":"Discover an array of cocktails, high quality wines and drinks in Valencia at River Bar with beers, spirits and a lively bar atmosphere.","og_url":"https:\/\/riverbar.es\/es\/drinks-menu\/","og_site_name":"River Bar","article_publisher":"https:\/\/www.facebook.com\/profile.php?id=61580530641758","article_modified_time":"2026-04-01T12:10:43+00:00","og_image":[{"width":1200,"height":1152,"url":"https:\/\/riverbar.es\/wp-content\/uploads\/2026\/03\/Drinks-Menu.jpg","type":"image\/jpeg"}],"twitter_card":"summary_large_image","twitter_misc":{"Tiempo de lectura":"2 minutos"},"schema":{"@context":"https:\/\/schema.org","@graph":[{"@type":"WebPage","@id":"https:\/\/riverbar.es\/drinks-menu\/","url":"https:\/\/riverbar.es\/drinks-menu\/","name":"Drinks & Cocktails | Bar Drinks in Valencia | River Bar","isPartOf":{"@id":"https:\/\/riverbar.es\/#website"},"primaryImageOfPage":{"@id":"https:\/\/riverbar.es\/drinks-menu\/#primaryimage"},"image":{"@id":"https:\/\/riverbar.es\/drinks-menu\/#primaryimage"},"thumbnailUrl":"https:\/\/riverbar.es\/wp-content\/uploads\/2026\/03\/Drinks-Menu.jpg","datePublished":"2025-10-21T09:56:09+00:00","dateModified":"2026-04-01T12:10:43+00:00","description":"Discover an array of cocktails, high quality wines and drinks in Valencia at River Bar with beers, spirits and a lively bar atmosphere.","breadcrumb":{"@id":"https:\/\/riverbar.es\/drinks-menu\/#breadcrumb"},"inLanguage":"es","potentialAction":[{"@type":"ReadAction","target":["https:\/\/riverbar.es\/drinks-menu\/"]}]},{"@type":"ImageObject","inLanguage":"es","@id":"https:\/\/riverbar.es\/drinks-menu\/#primaryimage","url":"https:\/\/riverbar.es\/wp-content\/uploads\/2026\/03\/Drinks-Menu.jpg","contentUrl":"https:\/\/riverbar.es\/wp-content\/uploads\/2026\/03\/Drinks-Menu.jpg","width":1200,"height":1152},{"@type":"BreadcrumbList","@id":"https:\/\/riverbar.es\/drinks-menu\/#breadcrumb","itemListElement":[{"@type":"ListItem","position":1,"name":"Home","item":"https:\/\/riverbar.es\/"},{"@type":"ListItem","position":2,"name":"Drinks Menu"}]},{"@type":"WebSite","@id":"https:\/\/riverbar.es\/#website","url":"https:\/\/riverbar.es\/","name":"River Bar","description":"The River knows the way...","publisher":{"@id":"https:\/\/riverbar.es\/#organization"},"potentialAction":[{"@type":"SearchAction","target":{"@type":"EntryPoint","urlTemplate":"https:\/\/riverbar.es\/?s={search_term_string}"},"query-input":{"@type":"PropertyValueSpecification","valueRequired":true,"valueName":"search_term_string"}}],"inLanguage":"es"},{"@type":"Organization","@id":"https:\/\/riverbar.es\/#organization","name":"River Bar","url":"https:\/\/riverbar.es\/","logo":{"@type":"ImageObject","inLanguage":"es","@id":"https:\/\/riverbar.es\/#\/schema\/logo\/image\/","url":"https:\/\/riverbar.es\/wp-content\/uploads\/2026\/03\/Square-social.jpg","contentUrl":"https:\/\/riverbar.es\/wp-content\/uploads\/2026\/03\/Square-social.jpg","width":512,"height":512,"caption":"River Bar"},"image":{"@id":"https:\/\/riverbar.es\/#\/schema\/logo\/image\/"},"sameAs":["https:\/\/www.facebook.com\/profile.php?id=61580530641758","https:\/\/www.instagram.com\/riverbarvalencia\/"]}]}},"_links":{"self":[{"href":"https:\/\/riverbar.es\/es\/wp-json\/wp\/v2\/pages\/17","targetHints":{"allow":["GET"]}}],"collection":[{"href":"https:\/\/riverbar.es\/es\/wp-json\/wp\/v2\/pages"}],"about":[{"href":"https:\/\/riverbar.es\/es\/wp-json\/wp\/v2\/types\/page"}],"author":[{"embeddable":true,"href":"https:\/\/riverbar.es\/es\/wp-json\/wp\/v2\/users\/2"}],"replies":[{"embeddable":true,"href":"https:\/\/riverbar.es\/es\/wp-json\/wp\/v2\/comments?post=17"}],"version-history":[{"count":137,"href":"https:\/\/riverbar.es\/es\/wp-json\/wp\/v2\/pages\/17\/revisions"}],"predecessor-version":[{"id":3063,"href":"https:\/\/riverbar.es\/es\/wp-json\/wp\/v2\/pages\/17\/revisions\/3063"}],"wp:featuredmedia":[{"embeddable":true,"href":"https:\/\/riverbar.es\/es\/wp-json\/wp\/v2\/media\/1587"}],"wp:attachment":[{"href":"https:\/\/riverbar.es\/es\/wp-json\/wp\/v2\/media?parent=17"}],"curies":[{"name":"wp","href":"https:\/\/api.w.org\/{rel}","templated":true}]}}