{"id":14,"date":"2025-10-21T11:55:12","date_gmt":"2025-10-21T09:55:12","guid":{"rendered":"https:\/\/riverbar.es\/?page_id=14"},"modified":"2026-04-01T14:11:21","modified_gmt":"2026-04-01T12:11:21","slug":"food-menu","status":"publish","type":"page","link":"https:\/\/riverbar.es\/es\/food-menu\/","title":{"rendered":"Carta de Comida"},"content":{"rendered":"<div data-elementor-type=\"wp-page\" data-elementor-id=\"14\" class=\"elementor elementor-14\" data-elementor-post-type=\"page\">\n\t\t\t\t<div class=\"elementor-element elementor-element-a06a61c e-flex e-con-boxed e-con e-parent\" data-id=\"a06a61c\" data-element_type=\"container\" data-e-type=\"container\">\n\t\t\t\t\t<div class=\"e-con-inner\">\n\t\t<div class=\"elementor-element elementor-element-33ad849 e-con-full e-flex e-con e-child\" data-id=\"33ad849\" data-element_type=\"container\" data-e-type=\"container\">\n\t\t\t\t<div class=\"elementor-element elementor-element-797630bf elementor-widget__width-inherit elementor-widget elementor-widget-heading\" data-id=\"797630bf\" data-element_type=\"widget\" data-e-type=\"widget\" data-widget_type=\"heading.default\">\n\t\t\t\t\t<div class=\"elementor-heading-title elementor-size-default\">Carta de Comida<\/div>\t\t\t\t<\/div>\n\t\t\t\t<div class=\"elementor-element elementor-element-836ef4d elementor-widget__width-inherit elementor-widget-tablet__width-inherit elementor-widget elementor-widget-heading\" data-id=\"836ef4d\" data-element_type=\"widget\" data-e-type=\"widget\" data-widget_type=\"heading.default\">\n\t\t\t\t\t<h1 class=\"elementor-heading-title elementor-size-default\">Comida River<\/h1>\t\t\t\t<\/div>\n\t\t\t\t<div class=\"elementor-element elementor-element-abfa8ee elementor-widget__width-inherit elementor-widget elementor-widget-text-editor\" data-id=\"abfa8ee\" data-element_type=\"widget\" data-e-type=\"widget\" data-widget_type=\"text-editor.default\">\n\t\t\t\t\t\t\t\t\t<p>Sobre todo destacamos por la gastronom\u00eda. Dirigidos por nuestro jefe de cocina brit\u00e1nico, de gran talento, junto con su equipo espa\u00f1ol, ofrecemos una carta variada y llena de sabor, dise\u00f1ada para satisfacer a nuestros clientes durante todo el d\u00eda.<\/p>\t\t\t\t\t\t\t\t<\/div>\n\t\t\t\t<div class=\"elementor-element elementor-element-a072747 elementor-widget__width-initial elementor-widget elementor-widget-text-editor\" data-id=\"a072747\" data-element_type=\"widget\" data-e-type=\"widget\" data-widget_type=\"text-editor.default\">\n\t\t\t\t\t\t\t\t\t<p>Disfruta nuestros apetitosos s\u00e1ndwiches fr\u00edos y calientes reci\u00e9n preparados, deliciosas patatas fritas, tapas creativas con un toque original, adem\u00e1s de una amplia selecci\u00f3n de ensaladas frescas y deliciosos acompa\u00f1amientos, todo ello elaborado con ingredientes de calidad y atenci\u00f3n al detalle.<\/p>\t\t\t\t\t\t\t\t<\/div>\n\t\t\t\t<div class=\"elementor-element elementor-element-d424acb elementor-widget__width-initial elementor-widget elementor-widget-text-editor\" data-id=\"d424acb\" data-element_type=\"widget\" data-e-type=\"widget\" data-widget_type=\"text-editor.default\">\n\t\t\t\t\t\t\t\t\t<p>Rel\u00e1jate y come al aire libre en nuestra amplia terraza con sombra y vistas al lecho del r\u00edo, o si\u00e9ntate en el interior y disfruta de tu comida en un ambiente de confort con aire acondicionado.<\/p>\t\t\t\t\t\t\t\t<\/div>\n\t\t\t\t<div class=\"elementor-element elementor-element-bc6d9fd elementor-widget__width-inherit river-food elementor-widget-tablet__width-inherit elementor-hidden-desktop elementor-hidden-tablet elementor-widget elementor-widget-image\" data-id=\"bc6d9fd\" data-element_type=\"widget\" data-e-type=\"widget\" data-widget_type=\"image.default\">\n\t\t\t\t\t\t\t\t\t\t\t\t\t\t\t<img fetchpriority=\"high\" decoding=\"async\" width=\"640\" height=\"580\" src=\"https:\/\/riverbar.es\/wp-content\/uploads\/2026\/03\/salmon-bagel.jpg\" class=\"attachment-full size-full wp-image-733\" alt=\"\" srcset=\"https:\/\/riverbar.es\/wp-content\/uploads\/2026\/03\/salmon-bagel.jpg 640w, https:\/\/riverbar.es\/wp-content\/uploads\/2026\/03\/salmon-bagel-300x272.jpg 300w\" sizes=\"(max-width: 640px) 100vw, 640px\" \/>\t\t\t\t\t\t\t\t\t\t\t\t\t\t\t<\/div>\n\t\t\t\t<div class=\"elementor-element elementor-element-a4a41a0 elementor-align-justify elementor-widget elementor-widget-button\" data-id=\"a4a41a0\" data-element_type=\"widget\" data-e-type=\"widget\" data-widget_type=\"button.default\">\n\t\t\t\t\t\t\t\t\t\t<a class=\"elementor-button elementor-button-link elementor-size-sm\" href=\"https:\/\/tu-bar.es\/menu\/RIVER-BAR?o=128176&amp;t=I7tBIxmTAIjsZ7fkLpTIxv3eUIBvCHnbG56v7ahEK6WShV0HOVcfBns5ENaL#menu-foods\" target=\"_blank\">\n\t\t\t\t\t\t<span class=\"elementor-button-content-wrapper\">\n\t\t\t\t\t\t\t\t\t<span class=\"elementor-button-text\">Ver la carta de comida<\/span>\n\t\t\t\t\t<\/span>\n\t\t\t\t\t<\/a>\n\t\t\t\t\t\t\t\t<\/div>\n\t\t\t\t<\/div>\n\t\t<div class=\"elementor-element elementor-element-b6992ac e-con-full elementor-hidden-mobile e-flex e-con e-child\" data-id=\"b6992ac\" data-element_type=\"container\" data-e-type=\"container\">\n\t\t\t\t<div class=\"elementor-element elementor-element-f612cf8 elementor-widget__width-inherit river-food elementor-widget elementor-widget-image\" data-id=\"f612cf8\" data-element_type=\"widget\" data-e-type=\"widget\" data-widget_type=\"image.default\">\n\t\t\t\t\t\t\t\t\t\t\t\t\t\t\t<img fetchpriority=\"high\" decoding=\"async\" width=\"640\" height=\"580\" src=\"https:\/\/riverbar.es\/wp-content\/uploads\/2026\/03\/salmon-bagel.jpg\" class=\"attachment-full size-full wp-image-733\" alt=\"\" srcset=\"https:\/\/riverbar.es\/wp-content\/uploads\/2026\/03\/salmon-bagel.jpg 640w, https:\/\/riverbar.es\/wp-content\/uploads\/2026\/03\/salmon-bagel-300x272.jpg 300w\" sizes=\"(max-width: 640px) 100vw, 640px\" \/>\t\t\t\t\t\t\t\t\t\t\t\t\t\t\t<\/div>\n\t\t\t\t<\/div>\n\t\t\t\t\t<\/div>\n\t\t\t\t<\/div>\n\t\t<div class=\"elementor-element elementor-element-11e35b0 e-flex e-con-boxed e-con e-parent\" data-id=\"11e35b0\" data-element_type=\"container\" data-e-type=\"container\">\n\t\t\t\t\t<div class=\"e-con-inner\">\n\t\t\t\t<div class=\"elementor-element elementor-element-c1c3137 elementor-widget elementor-widget-ucaddon_diagonal_hero\" data-id=\"c1c3137\" data-element_type=\"widget\" data-e-type=\"widget\" data-widget_type=\"ucaddon_diagonal_hero.default\">\n\t\t\t\t<div class=\"elementor-widget-container\">\n\t\t\t\t\t\n<!-- start Diagonal Hero -->\n<style>\/* widget: Diagonal Hero *\/\n\n#uc_diagonal_hero_elementor_c1c3137\n{\n  display:flex;\n  position: relative;\n}\n\n#uc_diagonal_hero_elementor_c1c3137 .ue-whole-link\n{\n  position: absolute;\n  width: 100%;\n  height: 100%;\n  display: block;\n  z-index: 1;\n  top: 0;\n  left: 0;\n}\n\n#uc_diagonal_hero_elementor_c1c3137 .ue-image\n{\n  background-image:url(https:\/\/riverbar.es\/wp-content\/uploads\/2026\/03\/Untitled-design-6.jpg);\n  background-size:cover;\n  flex-shrink:0;\n  flex-grow:0;\n  position:relative;\n  overflow:hidden;\n}\n\n#uc_diagonal_hero_elementor_c1c3137 .ue-image-overlay\n{\n  position:absolute;\n  top:0;\n  left:0;\n  right:0;\n  bottom:0;\n  height:100%;\n  width:100%;\n}\n\n\n#uc_diagonal_hero_elementor_c1c3137 .ue-content\n{\n  display:flex;\n  align-items:center;\n  justify-content:center;\n  flex-grow:1;\n}\n\n#uc_diagonal_hero_elementor_c1c3137 .ue-content > div\n{\n  width:100%;\n}\n.ue-title\n{\n  font-size:52px;\n}\n\n#uc_diagonal_hero_elementor_c1c3137 .ue-btn-wrap\n{\n  width:100%;\n}\n#uc_diagonal_hero_elementor_c1c3137 .ue-btn\n{\n  transition:0.3s;\n  text-decoration:none;\n}\n\n#uc_diagonal_hero_elementor_c1c3137 .ue-separator\n{\n  display:inline-block;\n}\n\n<\/style>\n\n<div id=\"uc_diagonal_hero_elementor_c1c3137\" class=\"diagonal_hero\">\n  \n  <div class=\"ue-content\">\n    <div>\n      <div class=\"ue-template\"><\/div>\n      <div class=\"ue-title\">Reserva tu mesa en River Bar<\/div>\n      \n      <div class=\"ue-separator-wrapper\">\n        <div class=\"ue-separator\"><\/div>\n      <\/div>\n      \n      <div class=\"ue-sub-title\">Comida, bebida y buen ambiente en el coraz\u00f3n de Valencia.<\/div>\n      \n      <div class=\"ue-btn-wrap\"><a  class=\"ue-btn\" href=\"https:\/\/wa.me\/34680263788?text=Hola,%20Quiero%20reservar%20una%20mesa...\"  target='_blank'>RESERVA TU MESA AHORA<\/a><\/div>\n      \n      <div class=\"ue-template\"><\/div>\n    <\/div>\n  <\/div>\n  \n  <div class=\"ue-image\">\n    \n    \t\n  \t\t  \n  <\/div>\n  \n    \n<\/div>\n<!-- end Diagonal Hero -->\t\t\t\t<\/div>\n\t\t\t\t<\/div>\n\t\t\t\t<div class=\"elementor-element elementor-element-28879eb elementor-widget elementor-widget-spacer\" data-id=\"28879eb\" data-element_type=\"widget\" data-e-type=\"widget\" data-widget_type=\"spacer.default\">\n\t\t\t\t\t\t\t<div class=\"elementor-spacer\">\n\t\t\t<div class=\"elementor-spacer-inner\"><\/div>\n\t\t<\/div>\n\t\t\t\t\t\t<\/div>\n\t\t\t\t\t<\/div>\n\t\t\t\t<\/div>\n\t\t\t\t<\/div>","protected":false},"excerpt":{"rendered":"<p>Food Menu River Food Food is where we truly stand out. Led by our extremely talented UK head-chef, along with his Spanish team. We offer a diverse and flavour-packed menu designed to satisfy throughout the day. Enjoy mouth-watering freshly prepared hot and cold sandwiches, delicious fries, creative tapas with a twist, plus a wide selection [&hellip;]<\/p>\n","protected":false},"author":2,"featured_media":733,"parent":0,"menu_order":21,"comment_status":"closed","ping_status":"closed","template":"elementor_header_footer","meta":{"footnotes":""},"class_list":["post-14","page","type-page","status-publish","has-post-thumbnail","hentry"],"yoast_head":"<!-- This site is optimized with the Yoast SEO Premium plugin v27.2 (Yoast SEO v27.3) - https:\/\/yoast.com\/product\/yoast-seo-premium-wordpress\/ -->\n<title>Food Menu | Bar Food &amp; Burgers in Valencia | River Bar<\/title>\n<meta name=\"description\" content=\"Enjoy the best bar food in Valencia at River Bar with a diverse and flavour-packed menu designed to satisfy throughout the day.\" \/>\n<meta name=\"robots\" content=\"index, follow, max-snippet:-1, max-image-preview:large, max-video-preview:-1\" \/>\n<link rel=\"canonical\" href=\"https:\/\/riverbar.es\/es\/food-menu\/\" \/>\n<meta property=\"og:locale\" content=\"es_ES\" \/>\n<meta property=\"og:type\" content=\"article\" \/>\n<meta property=\"og:title\" content=\"Food Menu\" \/>\n<meta property=\"og:description\" content=\"Enjoy the best bar food in Valencia at River Bar with a diverse and flavour-packed menu designed to satisfy throughout the day.\" \/>\n<meta property=\"og:url\" content=\"https:\/\/riverbar.es\/es\/food-menu\/\" \/>\n<meta property=\"og:site_name\" content=\"River Bar\" \/>\n<meta property=\"article:publisher\" content=\"https:\/\/www.facebook.com\/profile.php?id=61580530641758\" \/>\n<meta property=\"article:modified_time\" content=\"2026-04-01T12:11:21+00:00\" \/>\n<meta property=\"og:image\" content=\"https:\/\/riverbar.es\/wp-content\/uploads\/2026\/03\/salmon-bagel.jpg\" \/>\n\t<meta property=\"og:image:width\" content=\"640\" \/>\n\t<meta property=\"og:image:height\" content=\"580\" \/>\n\t<meta property=\"og:image:type\" content=\"image\/jpeg\" \/>\n<meta name=\"twitter:card\" content=\"summary_large_image\" \/>\n<meta name=\"twitter:label1\" content=\"Tiempo de lectura\" \/>\n\t<meta name=\"twitter:data1\" content=\"2 minutos\" \/>\n<script type=\"application\/ld+json\" class=\"yoast-schema-graph\">{\"@context\":\"https:\\\/\\\/schema.org\",\"@graph\":[{\"@type\":\"WebPage\",\"@id\":\"https:\\\/\\\/riverbar.es\\\/food-menu\\\/\",\"url\":\"https:\\\/\\\/riverbar.es\\\/food-menu\\\/\",\"name\":\"Food Menu | Bar Food & Burgers in Valencia | River Bar\",\"isPartOf\":{\"@id\":\"https:\\\/\\\/riverbar.es\\\/#website\"},\"primaryImageOfPage\":{\"@id\":\"https:\\\/\\\/riverbar.es\\\/food-menu\\\/#primaryimage\"},\"image\":{\"@id\":\"https:\\\/\\\/riverbar.es\\\/food-menu\\\/#primaryimage\"},\"thumbnailUrl\":\"https:\\\/\\\/riverbar.es\\\/wp-content\\\/uploads\\\/2026\\\/03\\\/salmon-bagel.jpg\",\"datePublished\":\"2025-10-21T09:55:12+00:00\",\"dateModified\":\"2026-04-01T12:11:21+00:00\",\"description\":\"Enjoy the best bar food in Valencia at River Bar with a diverse and flavour-packed menu designed to satisfy throughout the day.\",\"breadcrumb\":{\"@id\":\"https:\\\/\\\/riverbar.es\\\/food-menu\\\/#breadcrumb\"},\"inLanguage\":\"es\",\"potentialAction\":[{\"@type\":\"ReadAction\",\"target\":[\"https:\\\/\\\/riverbar.es\\\/food-menu\\\/\"]}]},{\"@type\":\"ImageObject\",\"inLanguage\":\"es\",\"@id\":\"https:\\\/\\\/riverbar.es\\\/food-menu\\\/#primaryimage\",\"url\":\"https:\\\/\\\/riverbar.es\\\/wp-content\\\/uploads\\\/2026\\\/03\\\/salmon-bagel.jpg\",\"contentUrl\":\"https:\\\/\\\/riverbar.es\\\/wp-content\\\/uploads\\\/2026\\\/03\\\/salmon-bagel.jpg\",\"width\":640,\"height\":580},{\"@type\":\"BreadcrumbList\",\"@id\":\"https:\\\/\\\/riverbar.es\\\/food-menu\\\/#breadcrumb\",\"itemListElement\":[{\"@type\":\"ListItem\",\"position\":1,\"name\":\"Home\",\"item\":\"https:\\\/\\\/riverbar.es\\\/\"},{\"@type\":\"ListItem\",\"position\":2,\"name\":\"Food Menu\"}]},{\"@type\":\"WebSite\",\"@id\":\"https:\\\/\\\/riverbar.es\\\/#website\",\"url\":\"https:\\\/\\\/riverbar.es\\\/\",\"name\":\"River Bar\",\"description\":\"The River knows the way...\",\"publisher\":{\"@id\":\"https:\\\/\\\/riverbar.es\\\/#organization\"},\"potentialAction\":[{\"@type\":\"SearchAction\",\"target\":{\"@type\":\"EntryPoint\",\"urlTemplate\":\"https:\\\/\\\/riverbar.es\\\/?s={search_term_string}\"},\"query-input\":{\"@type\":\"PropertyValueSpecification\",\"valueRequired\":true,\"valueName\":\"search_term_string\"}}],\"inLanguage\":\"es\"},{\"@type\":\"Organization\",\"@id\":\"https:\\\/\\\/riverbar.es\\\/#organization\",\"name\":\"River Bar\",\"url\":\"https:\\\/\\\/riverbar.es\\\/\",\"logo\":{\"@type\":\"ImageObject\",\"inLanguage\":\"es\",\"@id\":\"https:\\\/\\\/riverbar.es\\\/#\\\/schema\\\/logo\\\/image\\\/\",\"url\":\"https:\\\/\\\/riverbar.es\\\/wp-content\\\/uploads\\\/2026\\\/03\\\/Square-social.jpg\",\"contentUrl\":\"https:\\\/\\\/riverbar.es\\\/wp-content\\\/uploads\\\/2026\\\/03\\\/Square-social.jpg\",\"width\":512,\"height\":512,\"caption\":\"River Bar\"},\"image\":{\"@id\":\"https:\\\/\\\/riverbar.es\\\/#\\\/schema\\\/logo\\\/image\\\/\"},\"sameAs\":[\"https:\\\/\\\/www.facebook.com\\\/profile.php?id=61580530641758\",\"https:\\\/\\\/www.instagram.com\\\/riverbarvalencia\\\/\"]}]}<\/script>\n<!-- \/ Yoast SEO Premium plugin. -->","yoast_head_json":{"title":"Food Menu | Bar Food & Burgers in Valencia | River Bar","description":"Enjoy the best bar food in Valencia at River Bar with a diverse and flavour-packed menu designed to satisfy throughout the day.","robots":{"index":"index","follow":"follow","max-snippet":"max-snippet:-1","max-image-preview":"max-image-preview:large","max-video-preview":"max-video-preview:-1"},"canonical":"https:\/\/riverbar.es\/es\/food-menu\/","og_locale":"es_ES","og_type":"article","og_title":"Food Menu","og_description":"Enjoy the best bar food in Valencia at River Bar with a diverse and flavour-packed menu designed to satisfy throughout the day.","og_url":"https:\/\/riverbar.es\/es\/food-menu\/","og_site_name":"River Bar","article_publisher":"https:\/\/www.facebook.com\/profile.php?id=61580530641758","article_modified_time":"2026-04-01T12:11:21+00:00","og_image":[{"width":640,"height":580,"url":"https:\/\/riverbar.es\/wp-content\/uploads\/2026\/03\/salmon-bagel.jpg","type":"image\/jpeg"}],"twitter_card":"summary_large_image","twitter_misc":{"Tiempo de lectura":"2 minutos"},"schema":{"@context":"https:\/\/schema.org","@graph":[{"@type":"WebPage","@id":"https:\/\/riverbar.es\/food-menu\/","url":"https:\/\/riverbar.es\/food-menu\/","name":"Food Menu | Bar Food & Burgers in Valencia | River Bar","isPartOf":{"@id":"https:\/\/riverbar.es\/#website"},"primaryImageOfPage":{"@id":"https:\/\/riverbar.es\/food-menu\/#primaryimage"},"image":{"@id":"https:\/\/riverbar.es\/food-menu\/#primaryimage"},"thumbnailUrl":"https:\/\/riverbar.es\/wp-content\/uploads\/2026\/03\/salmon-bagel.jpg","datePublished":"2025-10-21T09:55:12+00:00","dateModified":"2026-04-01T12:11:21+00:00","description":"Enjoy the best bar food in Valencia at River Bar with a diverse and flavour-packed menu designed to satisfy throughout the day.","breadcrumb":{"@id":"https:\/\/riverbar.es\/food-menu\/#breadcrumb"},"inLanguage":"es","potentialAction":[{"@type":"ReadAction","target":["https:\/\/riverbar.es\/food-menu\/"]}]},{"@type":"ImageObject","inLanguage":"es","@id":"https:\/\/riverbar.es\/food-menu\/#primaryimage","url":"https:\/\/riverbar.es\/wp-content\/uploads\/2026\/03\/salmon-bagel.jpg","contentUrl":"https:\/\/riverbar.es\/wp-content\/uploads\/2026\/03\/salmon-bagel.jpg","width":640,"height":580},{"@type":"BreadcrumbList","@id":"https:\/\/riverbar.es\/food-menu\/#breadcrumb","itemListElement":[{"@type":"ListItem","position":1,"name":"Home","item":"https:\/\/riverbar.es\/"},{"@type":"ListItem","position":2,"name":"Food Menu"}]},{"@type":"WebSite","@id":"https:\/\/riverbar.es\/#website","url":"https:\/\/riverbar.es\/","name":"River Bar","description":"The River knows the way...","publisher":{"@id":"https:\/\/riverbar.es\/#organization"},"potentialAction":[{"@type":"SearchAction","target":{"@type":"EntryPoint","urlTemplate":"https:\/\/riverbar.es\/?s={search_term_string}"},"query-input":{"@type":"PropertyValueSpecification","valueRequired":true,"valueName":"search_term_string"}}],"inLanguage":"es"},{"@type":"Organization","@id":"https:\/\/riverbar.es\/#organization","name":"River Bar","url":"https:\/\/riverbar.es\/","logo":{"@type":"ImageObject","inLanguage":"es","@id":"https:\/\/riverbar.es\/#\/schema\/logo\/image\/","url":"https:\/\/riverbar.es\/wp-content\/uploads\/2026\/03\/Square-social.jpg","contentUrl":"https:\/\/riverbar.es\/wp-content\/uploads\/2026\/03\/Square-social.jpg","width":512,"height":512,"caption":"River Bar"},"image":{"@id":"https:\/\/riverbar.es\/#\/schema\/logo\/image\/"},"sameAs":["https:\/\/www.facebook.com\/profile.php?id=61580530641758","https:\/\/www.instagram.com\/riverbarvalencia\/"]}]}},"_links":{"self":[{"href":"https:\/\/riverbar.es\/es\/wp-json\/wp\/v2\/pages\/14","targetHints":{"allow":["GET"]}}],"collection":[{"href":"https:\/\/riverbar.es\/es\/wp-json\/wp\/v2\/pages"}],"about":[{"href":"https:\/\/riverbar.es\/es\/wp-json\/wp\/v2\/types\/page"}],"author":[{"embeddable":true,"href":"https:\/\/riverbar.es\/es\/wp-json\/wp\/v2\/users\/2"}],"replies":[{"embeddable":true,"href":"https:\/\/riverbar.es\/es\/wp-json\/wp\/v2\/comments?post=14"}],"version-history":[{"count":282,"href":"https:\/\/riverbar.es\/es\/wp-json\/wp\/v2\/pages\/14\/revisions"}],"predecessor-version":[{"id":3064,"href":"https:\/\/riverbar.es\/es\/wp-json\/wp\/v2\/pages\/14\/revisions\/3064"}],"wp:featuredmedia":[{"embeddable":true,"href":"https:\/\/riverbar.es\/es\/wp-json\/wp\/v2\/media\/733"}],"wp:attachment":[{"href":"https:\/\/riverbar.es\/es\/wp-json\/wp\/v2\/media?parent=14"}],"curies":[{"name":"wp","href":"https:\/\/api.w.org\/{rel}","templated":true}]}}