{"id":11,"date":"2025-10-21T11:52:17","date_gmt":"2025-10-21T09:52:17","guid":{"rendered":"https:\/\/riverbar.es\/?page_id=11"},"modified":"2026-04-01T14:32:53","modified_gmt":"2026-04-01T12:32:53","slug":"about","status":"publish","type":"page","link":"https:\/\/riverbar.es\/es\/about\/","title":{"rendered":"Con\u00f3cenos"},"content":{"rendered":"<div data-elementor-type=\"wp-page\" data-elementor-id=\"11\" class=\"elementor elementor-11\" data-elementor-post-type=\"page\">\n\t\t\t\t<div class=\"elementor-element elementor-element-1c4fdd0 e-flex e-con-boxed e-con e-parent\" data-id=\"1c4fdd0\" data-element_type=\"container\" data-e-type=\"container\">\n\t\t\t\t\t<div class=\"e-con-inner\">\n\t\t<div class=\"elementor-element elementor-element-ff4437a e-con-full e-flex e-con e-child\" data-id=\"ff4437a\" data-element_type=\"container\" data-e-type=\"container\">\n\t\t\t\t<div class=\"elementor-element elementor-element-5a46ecd elementor-widget__width-inherit elementor-widget elementor-widget-heading\" data-id=\"5a46ecd\" data-element_type=\"widget\" data-e-type=\"widget\" data-widget_type=\"heading.default\">\n\t\t\t\t\t<div class=\"elementor-heading-title elementor-size-default\">El River conoce el camino<\/div>\t\t\t\t<\/div>\n\t\t\t\t<div class=\"elementor-element elementor-element-099ef35 elementor-widget__width-inherit elementor-widget elementor-widget-heading\" data-id=\"099ef35\" data-element_type=\"widget\" data-e-type=\"widget\" data-widget_type=\"heading.default\">\n\t\t\t\t\t<h1 class=\"elementor-heading-title elementor-size-default\">Sobre Nosotros<\/h1>\t\t\t\t<\/div>\n\t\t\t\t<div class=\"elementor-element elementor-element-96cbf18 elementor-widget__width-inherit elementor-widget elementor-widget-text-editor\" data-id=\"96cbf18\" data-element_type=\"widget\" data-e-type=\"widget\" data-widget_type=\"text-editor.default\">\n\t\t\t\t\t\t\t\t\t<p>Ofrecemos una combinaci\u00f3n de excelente comida con una cuidada selecci\u00f3n de cervezas, vinos de calidad, licores premium y c\u00f3cteles artesanales. Tanto si vienes a disfrutar de un almuerzo relajado, unas copas por la tarde o una salida nocturna, nuestro objetivo es brindarte una experiencia animada y memorable.<\/p>\t\t\t\t\t\t\t\t<\/div>\n\t\t\t\t<div class=\"elementor-element elementor-element-1d88079 elementor-widget__width-initial elementor-widget elementor-widget-text-editor\" data-id=\"1d88079\" data-element_type=\"widget\" data-e-type=\"widget\" data-widget_type=\"text-editor.default\">\n\t\t\t\t\t\t\t\t\t<p>We are proudly international, both in our team and our community &#8211; bringing together people from many nationalities, creating a friendly and inclusive atmosphere where everyone feels at home.<\/p>\t\t\t\t\t\t\t\t<\/div>\n\t\t\t\t<div class=\"elementor-element elementor-element-be3e090 elementor-widget__width-initial elementor-widget elementor-widget-text-editor\" data-id=\"be3e090\" data-element_type=\"widget\" data-e-type=\"widget\" data-widget_type=\"text-editor.default\">\n\t\t\t\t\t\t\t\t\t<p>Located beside the Turia riverbed park, our spacious terrace is at the heart of what we do. Open from midday, it\u2019s the perfect place to enjoy long afternoons outdoors. Many guests spend the day soaking up the atmosphere before moving inside to the bar for live sports, music, and our regular live bands and DJs, in the early evening.<\/p><p>Nos esforzamos por ofrecer algo un poco diferente: un lugar donde se dan cita la buena comida, buenas bebidas y buena gente.<\/p>\t\t\t\t\t\t\t\t<\/div>\n\t\t\t\t<\/div>\n\t\t<div class=\"elementor-element elementor-element-107b617 e-con-full e-flex e-con e-child\" data-id=\"107b617\" data-element_type=\"container\" data-e-type=\"container\">\n\t\t\t\t<div class=\"elementor-element elementor-element-d5df75a elementor-widget__width-inherit elementor-widget elementor-widget-image\" data-id=\"d5df75a\" data-element_type=\"widget\" data-e-type=\"widget\" data-widget_type=\"image.default\">\n\t\t\t\t\t\t\t\t\t\t\t\t\t\t\t<img fetchpriority=\"high\" decoding=\"async\" width=\"1141\" height=\"1081\" src=\"https:\/\/riverbar.es\/wp-content\/uploads\/2026\/03\/River-Bar-Exterior.jpg\" class=\"attachment-full size-full wp-image-1800\" alt=\"\" srcset=\"https:\/\/riverbar.es\/wp-content\/uploads\/2026\/03\/River-Bar-Exterior.jpg 1141w, https:\/\/riverbar.es\/wp-content\/uploads\/2026\/03\/River-Bar-Exterior-300x284.jpg 300w, https:\/\/riverbar.es\/wp-content\/uploads\/2026\/03\/River-Bar-Exterior-1024x970.jpg 1024w, https:\/\/riverbar.es\/wp-content\/uploads\/2026\/03\/River-Bar-Exterior-768x728.jpg 768w\" sizes=\"(max-width: 1141px) 100vw, 1141px\" \/>\t\t\t\t\t\t\t\t\t\t\t\t\t\t\t<\/div>\n\t\t\t\t<\/div>\n\t\t\t\t\t<\/div>\n\t\t\t\t<\/div>\n\t\t<div class=\"elementor-element elementor-element-8635acf e-flex e-con-boxed e-con e-parent\" data-id=\"8635acf\" data-element_type=\"container\" data-e-type=\"container\">\n\t\t\t\t\t<div class=\"e-con-inner\">\n\t\t\t\t<div class=\"elementor-element elementor-element-db8983b elementor-widget elementor-widget-ucaddon_diagonal_hero\" data-id=\"db8983b\" data-element_type=\"widget\" data-e-type=\"widget\" data-widget_type=\"ucaddon_diagonal_hero.default\">\n\t\t\t\t<div class=\"elementor-widget-container\">\n\t\t\t\t\t\n<!-- start Diagonal Hero -->\n<style>\/* widget: Diagonal Hero *\/\n\n#uc_diagonal_hero_elementor_db8983b\n{\n  display:flex;\n  position: relative;\n}\n\n#uc_diagonal_hero_elementor_db8983b .ue-whole-link\n{\n  position: absolute;\n  width: 100%;\n  height: 100%;\n  display: block;\n  z-index: 1;\n  top: 0;\n  left: 0;\n}\n\n#uc_diagonal_hero_elementor_db8983b .ue-image\n{\n  background-image:url(https:\/\/riverbar.es\/wp-content\/uploads\/2026\/03\/Opening-Friday-Pt-2-50.jpg);\n  background-size:cover;\n  flex-shrink:0;\n  flex-grow:0;\n  position:relative;\n  overflow:hidden;\n}\n\n#uc_diagonal_hero_elementor_db8983b .ue-image-overlay\n{\n  position:absolute;\n  top:0;\n  left:0;\n  right:0;\n  bottom:0;\n  height:100%;\n  width:100%;\n}\n\n\n#uc_diagonal_hero_elementor_db8983b .ue-content\n{\n  display:flex;\n  align-items:center;\n  justify-content:center;\n  flex-grow:1;\n}\n\n#uc_diagonal_hero_elementor_db8983b .ue-content > div\n{\n  width:100%;\n}\n.ue-title\n{\n  font-size:52px;\n}\n\n#uc_diagonal_hero_elementor_db8983b .ue-btn-wrap\n{\n  width:100%;\n}\n#uc_diagonal_hero_elementor_db8983b .ue-btn\n{\n  transition:0.3s;\n  text-decoration:none;\n}\n\n#uc_diagonal_hero_elementor_db8983b .ue-separator\n{\n  display:inline-block;\n}\n\n<\/style>\n\n<div id=\"uc_diagonal_hero_elementor_db8983b\" class=\"diagonal_hero\">\n  \n  <div class=\"ue-content\">\n    <div>\n      <div class=\"ue-template\"><\/div>\n      <div class=\"ue-title\">Reserva tu mesa en River Bar<\/div>\n      \n      <div class=\"ue-separator-wrapper\">\n        <div class=\"ue-separator\"><\/div>\n      <\/div>\n      \n      <div class=\"ue-sub-title\">Comida, bebida y buen ambiente en el coraz\u00f3n de Valencia.<\/div>\n      \n      <div class=\"ue-btn-wrap\"><a  class=\"ue-btn\" href=\"https:\/\/wa.me\/34680263788?text=Hola,%20Quiero%20reservar%20una%20mesa...\"  target='_blank'>RESERVA TU MESA AHORA<\/a><\/div>\n      \n      <div class=\"ue-template\"><\/div>\n    <\/div>\n  <\/div>\n  \n  <div class=\"ue-image\">\n    \n    \t\n  \t\t  \n  <\/div>\n  \n    \n<\/div>\n<!-- end Diagonal Hero -->\t\t\t\t<\/div>\n\t\t\t\t<\/div>\n\t\t\t\t<div class=\"elementor-element elementor-element-d2184e9 elementor-widget elementor-widget-spacer\" data-id=\"d2184e9\" data-element_type=\"widget\" data-e-type=\"widget\" data-widget_type=\"spacer.default\">\n\t\t\t\t\t\t\t<div class=\"elementor-spacer\">\n\t\t\t<div class=\"elementor-spacer-inner\"><\/div>\n\t\t<\/div>\n\t\t\t\t\t\t<\/div>\n\t\t\t\t\t<\/div>\n\t\t\t\t<\/div>\n\t\t\t\t<\/div>","protected":false},"excerpt":{"rendered":"<p>The River knows the way About Us We offer a combination of great food with a curated selection of beers, quality wines, premium spirits, and crafted cocktails. Whether you\u2019re joining us for a relaxed lunch, afternoon drinks, or an evening out, we aim to deliver a vibrant and memorable experience. We are proudly international, both [&hellip;]<\/p>\n","protected":false},"author":2,"featured_media":1800,"parent":0,"menu_order":10,"comment_status":"closed","ping_status":"closed","template":"elementor_header_footer","meta":{"footnotes":""},"class_list":["post-11","page","type-page","status-publish","has-post-thumbnail","hentry"],"yoast_head":"<!-- This site is optimized with the Yoast SEO Premium plugin v27.2 (Yoast SEO v27.3) - https:\/\/yoast.com\/product\/yoast-seo-premium-wordpress\/ -->\n<title>About River Bar | Bar in Valencia City Centre<\/title>\n<meta name=\"description\" content=\"Learn more about River Bar in Valencia, a lively city bar offering great drinks, great food, live sports and live music.\" \/>\n<meta name=\"robots\" content=\"index, follow, max-snippet:-1, max-image-preview:large, max-video-preview:-1\" \/>\n<link rel=\"canonical\" href=\"https:\/\/riverbar.es\/es\/about\/\" \/>\n<meta property=\"og:locale\" content=\"es_ES\" \/>\n<meta property=\"og:type\" content=\"article\" \/>\n<meta property=\"og:title\" content=\"About\" \/>\n<meta property=\"og:description\" content=\"Learn more about River Bar in Valencia, a lively city bar offering great drinks, great food, live sports and live music.\" \/>\n<meta property=\"og:url\" content=\"https:\/\/riverbar.es\/es\/about\/\" \/>\n<meta property=\"og:site_name\" content=\"River Bar\" \/>\n<meta property=\"article:publisher\" content=\"https:\/\/www.facebook.com\/profile.php?id=61580530641758\" \/>\n<meta property=\"article:modified_time\" content=\"2026-04-01T12:32:53+00:00\" \/>\n<meta property=\"og:image\" content=\"https:\/\/riverbar.es\/wp-content\/uploads\/2026\/03\/River-Bar-Exterior.jpg\" \/>\n\t<meta property=\"og:image:width\" content=\"1141\" \/>\n\t<meta property=\"og:image:height\" content=\"1081\" \/>\n\t<meta property=\"og:image:type\" content=\"image\/jpeg\" \/>\n<meta name=\"twitter:card\" content=\"summary_large_image\" \/>\n<meta name=\"twitter:label1\" content=\"Tiempo de lectura\" \/>\n\t<meta name=\"twitter:data1\" content=\"1 minuto\" \/>\n<script type=\"application\/ld+json\" class=\"yoast-schema-graph\">{\"@context\":\"https:\\\/\\\/schema.org\",\"@graph\":[{\"@type\":\"WebPage\",\"@id\":\"https:\\\/\\\/riverbar.es\\\/about\\\/\",\"url\":\"https:\\\/\\\/riverbar.es\\\/about\\\/\",\"name\":\"About River Bar | Bar in Valencia City Centre\",\"isPartOf\":{\"@id\":\"https:\\\/\\\/riverbar.es\\\/#website\"},\"primaryImageOfPage\":{\"@id\":\"https:\\\/\\\/riverbar.es\\\/about\\\/#primaryimage\"},\"image\":{\"@id\":\"https:\\\/\\\/riverbar.es\\\/about\\\/#primaryimage\"},\"thumbnailUrl\":\"https:\\\/\\\/riverbar.es\\\/wp-content\\\/uploads\\\/2026\\\/03\\\/River-Bar-Exterior.jpg\",\"datePublished\":\"2025-10-21T09:52:17+00:00\",\"dateModified\":\"2026-04-01T12:32:53+00:00\",\"description\":\"Learn more about River Bar in Valencia, a lively city bar offering great drinks, great food, live sports and live music.\",\"breadcrumb\":{\"@id\":\"https:\\\/\\\/riverbar.es\\\/about\\\/#breadcrumb\"},\"inLanguage\":\"es\",\"potentialAction\":[{\"@type\":\"ReadAction\",\"target\":[\"https:\\\/\\\/riverbar.es\\\/about\\\/\"]}]},{\"@type\":\"ImageObject\",\"inLanguage\":\"es\",\"@id\":\"https:\\\/\\\/riverbar.es\\\/about\\\/#primaryimage\",\"url\":\"https:\\\/\\\/riverbar.es\\\/wp-content\\\/uploads\\\/2026\\\/03\\\/River-Bar-Exterior.jpg\",\"contentUrl\":\"https:\\\/\\\/riverbar.es\\\/wp-content\\\/uploads\\\/2026\\\/03\\\/River-Bar-Exterior.jpg\",\"width\":1141,\"height\":1081},{\"@type\":\"BreadcrumbList\",\"@id\":\"https:\\\/\\\/riverbar.es\\\/about\\\/#breadcrumb\",\"itemListElement\":[{\"@type\":\"ListItem\",\"position\":1,\"name\":\"Home\",\"item\":\"https:\\\/\\\/riverbar.es\\\/\"},{\"@type\":\"ListItem\",\"position\":2,\"name\":\"About\"}]},{\"@type\":\"WebSite\",\"@id\":\"https:\\\/\\\/riverbar.es\\\/#website\",\"url\":\"https:\\\/\\\/riverbar.es\\\/\",\"name\":\"River Bar\",\"description\":\"The River knows the way...\",\"publisher\":{\"@id\":\"https:\\\/\\\/riverbar.es\\\/#organization\"},\"potentialAction\":[{\"@type\":\"SearchAction\",\"target\":{\"@type\":\"EntryPoint\",\"urlTemplate\":\"https:\\\/\\\/riverbar.es\\\/?s={search_term_string}\"},\"query-input\":{\"@type\":\"PropertyValueSpecification\",\"valueRequired\":true,\"valueName\":\"search_term_string\"}}],\"inLanguage\":\"es\"},{\"@type\":\"Organization\",\"@id\":\"https:\\\/\\\/riverbar.es\\\/#organization\",\"name\":\"River Bar\",\"url\":\"https:\\\/\\\/riverbar.es\\\/\",\"logo\":{\"@type\":\"ImageObject\",\"inLanguage\":\"es\",\"@id\":\"https:\\\/\\\/riverbar.es\\\/#\\\/schema\\\/logo\\\/image\\\/\",\"url\":\"https:\\\/\\\/riverbar.es\\\/wp-content\\\/uploads\\\/2026\\\/03\\\/Square-social.jpg\",\"contentUrl\":\"https:\\\/\\\/riverbar.es\\\/wp-content\\\/uploads\\\/2026\\\/03\\\/Square-social.jpg\",\"width\":512,\"height\":512,\"caption\":\"River Bar\"},\"image\":{\"@id\":\"https:\\\/\\\/riverbar.es\\\/#\\\/schema\\\/logo\\\/image\\\/\"},\"sameAs\":[\"https:\\\/\\\/www.facebook.com\\\/profile.php?id=61580530641758\",\"https:\\\/\\\/www.instagram.com\\\/riverbarvalencia\\\/\"]}]}<\/script>\n<!-- \/ Yoast SEO Premium plugin. -->","yoast_head_json":{"title":"About River Bar | Bar in Valencia City Centre","description":"Learn more about River Bar in Valencia, a lively city bar offering great drinks, great food, live sports and live music.","robots":{"index":"index","follow":"follow","max-snippet":"max-snippet:-1","max-image-preview":"max-image-preview:large","max-video-preview":"max-video-preview:-1"},"canonical":"https:\/\/riverbar.es\/es\/about\/","og_locale":"es_ES","og_type":"article","og_title":"About","og_description":"Learn more about River Bar in Valencia, a lively city bar offering great drinks, great food, live sports and live music.","og_url":"https:\/\/riverbar.es\/es\/about\/","og_site_name":"River Bar","article_publisher":"https:\/\/www.facebook.com\/profile.php?id=61580530641758","article_modified_time":"2026-04-01T12:32:53+00:00","og_image":[{"width":1141,"height":1081,"url":"https:\/\/riverbar.es\/wp-content\/uploads\/2026\/03\/River-Bar-Exterior.jpg","type":"image\/jpeg"}],"twitter_card":"summary_large_image","twitter_misc":{"Tiempo de lectura":"1 minuto"},"schema":{"@context":"https:\/\/schema.org","@graph":[{"@type":"WebPage","@id":"https:\/\/riverbar.es\/about\/","url":"https:\/\/riverbar.es\/about\/","name":"About River Bar | Bar in Valencia City Centre","isPartOf":{"@id":"https:\/\/riverbar.es\/#website"},"primaryImageOfPage":{"@id":"https:\/\/riverbar.es\/about\/#primaryimage"},"image":{"@id":"https:\/\/riverbar.es\/about\/#primaryimage"},"thumbnailUrl":"https:\/\/riverbar.es\/wp-content\/uploads\/2026\/03\/River-Bar-Exterior.jpg","datePublished":"2025-10-21T09:52:17+00:00","dateModified":"2026-04-01T12:32:53+00:00","description":"Learn more about River Bar in Valencia, a lively city bar offering great drinks, great food, live sports and live music.","breadcrumb":{"@id":"https:\/\/riverbar.es\/about\/#breadcrumb"},"inLanguage":"es","potentialAction":[{"@type":"ReadAction","target":["https:\/\/riverbar.es\/about\/"]}]},{"@type":"ImageObject","inLanguage":"es","@id":"https:\/\/riverbar.es\/about\/#primaryimage","url":"https:\/\/riverbar.es\/wp-content\/uploads\/2026\/03\/River-Bar-Exterior.jpg","contentUrl":"https:\/\/riverbar.es\/wp-content\/uploads\/2026\/03\/River-Bar-Exterior.jpg","width":1141,"height":1081},{"@type":"BreadcrumbList","@id":"https:\/\/riverbar.es\/about\/#breadcrumb","itemListElement":[{"@type":"ListItem","position":1,"name":"Home","item":"https:\/\/riverbar.es\/"},{"@type":"ListItem","position":2,"name":"About"}]},{"@type":"WebSite","@id":"https:\/\/riverbar.es\/#website","url":"https:\/\/riverbar.es\/","name":"River Bar","description":"The River knows the way...","publisher":{"@id":"https:\/\/riverbar.es\/#organization"},"potentialAction":[{"@type":"SearchAction","target":{"@type":"EntryPoint","urlTemplate":"https:\/\/riverbar.es\/?s={search_term_string}"},"query-input":{"@type":"PropertyValueSpecification","valueRequired":true,"valueName":"search_term_string"}}],"inLanguage":"es"},{"@type":"Organization","@id":"https:\/\/riverbar.es\/#organization","name":"River Bar","url":"https:\/\/riverbar.es\/","logo":{"@type":"ImageObject","inLanguage":"es","@id":"https:\/\/riverbar.es\/#\/schema\/logo\/image\/","url":"https:\/\/riverbar.es\/wp-content\/uploads\/2026\/03\/Square-social.jpg","contentUrl":"https:\/\/riverbar.es\/wp-content\/uploads\/2026\/03\/Square-social.jpg","width":512,"height":512,"caption":"River Bar"},"image":{"@id":"https:\/\/riverbar.es\/#\/schema\/logo\/image\/"},"sameAs":["https:\/\/www.facebook.com\/profile.php?id=61580530641758","https:\/\/www.instagram.com\/riverbarvalencia\/"]}]}},"_links":{"self":[{"href":"https:\/\/riverbar.es\/es\/wp-json\/wp\/v2\/pages\/11","targetHints":{"allow":["GET"]}}],"collection":[{"href":"https:\/\/riverbar.es\/es\/wp-json\/wp\/v2\/pages"}],"about":[{"href":"https:\/\/riverbar.es\/es\/wp-json\/wp\/v2\/types\/page"}],"author":[{"embeddable":true,"href":"https:\/\/riverbar.es\/es\/wp-json\/wp\/v2\/users\/2"}],"replies":[{"embeddable":true,"href":"https:\/\/riverbar.es\/es\/wp-json\/wp\/v2\/comments?post=11"}],"version-history":[{"count":10,"href":"https:\/\/riverbar.es\/es\/wp-json\/wp\/v2\/pages\/11\/revisions"}],"predecessor-version":[{"id":3075,"href":"https:\/\/riverbar.es\/es\/wp-json\/wp\/v2\/pages\/11\/revisions\/3075"}],"wp:featuredmedia":[{"embeddable":true,"href":"https:\/\/riverbar.es\/es\/wp-json\/wp\/v2\/media\/1800"}],"wp:attachment":[{"href":"https:\/\/riverbar.es\/es\/wp-json\/wp\/v2\/media?parent=11"}],"curies":[{"name":"wp","href":"https:\/\/api.w.org\/{rel}","templated":true}]}}